{"id":10250,"date":"2021-09-19T12:30:36","date_gmt":"2021-09-19T09:30:36","guid":{"rendered":"http:\/\/www.maviyikim.com.tr\/v21\/?page_id=10250"},"modified":"2022-06-08T18:11:52","modified_gmt":"2022-06-08T15:11:52","slug":"building-demolition","status":"publish","type":"page","link":"https:\/\/www.maviyikim.com.tr\/en\/building-demolition\/","title":{"rendered":"Building Demolition"},"content":{"rendered":"<div class=\"has-text-align-center wp-block-post-excerpt\"><p class=\"wp-block-post-excerpt__excerpt\">We carry out the demolition of your buildings, from roof to foundation, under high-level security measures. <\/p><\/div>\n\n\n<div class=\"wp-block-safirtema-mainheading mainHeading\"><div class=\"inner\"><div class=\"icon safiricon\"><svg class=\"safiricon-icon40\"><use href=\"#safiricon-icon40\"><\/use><\/svg><\/div><div class=\"text\">How Do We Progress?<\/div><\/div><\/div>\n\n\n\n<p class=\"has-text-align-left\"><meta charset=\"utf-8\">During the Discovery carried out before the Building Demolition, all possible risks are examined and a document file is created. In this file; The structure of the project area, environmental factors, the arrival and departure routes of the construction equipment, the arrival and departure routes for the transport of rubble are included. Moreover; As a result of this document file, the demolition method is determined and a demolition plan is created.<\/p>\n\n\n\n<div class=\"wp-block-safirtema-mainheading mainHeading\"><div class=\"inner\"><div class=\"icon safiricon\"><svg class=\"safiricon-icon40\"><use href=\"#safiricon-icon40\"><\/use><\/svg><\/div><div class=\"text\">We Prepare a Demolition Plan<\/div><\/div><\/div>\n\n\n\n<p>Our engineers, who perform site exploration, create an advanced demolition plan and present it to your company. This demolition plan includes the full feasibility of the site, the demolition method, the construction equipment to be used and the routes. Demolition is proceeding with this plan.<\/p>\n\n\n\n<div class=\"wp-block-safirtema-mainheading mainHeading\"><div class=\"inner\"><div class=\"icon safiricon\"><svg class=\"safiricon-icon40\"><use href=\"#safiricon-icon40\"><\/use><\/svg><\/div><div class=\"text\">Controlled Demolition<\/div><\/div><\/div>\n\n\n\n<p>Controls and inspections are carried out by our engineers from the first stage of demolition to the completion stage. This control takes place in the field.<\/p>\n\n\n\n<p><\/p>\n\n\n\n<div class=\"wp-block-columns is-layout-flex wp-container-core-columns-is-layout-9d6595d7 wp-block-columns-is-layout-flex\">\n<div class=\"wp-block-column is-layout-flow wp-block-column-is-layout-flow\">\n<figure class=\"wp-block-embed is-type-video is-provider-youtube wp-block-embed-youtube wp-embed-aspect-16-9 wp-has-aspect-ratio\"><div class=\"wp-block-embed__wrapper\">\n<iframe loading=\"lazy\" title=\"Y\u0131k\u0131m Makinas\u0131 ile Y\u0131k\u0131m - \u0130stanbul Y\u0131k\u0131m - Mavi Y\u0131k\u0131m\" width=\"780\" height=\"439\" src=\"https:\/\/www.youtube.com\/embed\/VlfoMXkUrOs?feature=oembed\" frameborder=\"0\" allow=\"accelerometer; autoplay; clipboard-write; encrypted-media; gyroscope; picture-in-picture\" allowfullscreen><\/iframe>\n<\/div><\/figure>\n\n\n\n<p class=\"has-text-align-center has-vivid-cyan-blue-color has-text-color\"><strong>Demolition with demolition machines<\/strong><\/p>\n<\/div>\n\n\n\n<div class=\"wp-block-column is-layout-flow wp-block-column-is-layout-flow\">\n<figure class=\"wp-block-embed is-type-video is-provider-youtube wp-block-embed-youtube wp-embed-aspect-16-9 wp-has-aspect-ratio\"><div class=\"wp-block-embed__wrapper\">\n<iframe loading=\"lazy\" title=\"Mini Makina \u0130le Bina Y\u0131k\u0131m\u0131\" width=\"780\" height=\"439\" src=\"https:\/\/www.youtube.com\/embed\/1wicoqjkYuM?feature=oembed\" frameborder=\"0\" allow=\"accelerometer; autoplay; clipboard-write; encrypted-media; gyroscope; picture-in-picture\" allowfullscreen><\/iframe>\n<\/div><\/figure>\n\n\n\n<p class=\"has-text-align-center has-vivid-cyan-blue-color has-text-color\"><strong>Demolition with Mini Machine<\/strong><\/p>\n<\/div>\n\n\n\n<div class=\"wp-block-column is-layout-flow wp-block-column-is-layout-flow\">\n<figure class=\"wp-block-embed is-type-video is-provider-youtube wp-block-embed-youtube wp-embed-aspect-16-9 wp-has-aspect-ratio\"><div class=\"wp-block-embed__wrapper\">\n<iframe loading=\"lazy\" title=\"9 Hamlede Bina Y\u0131k\u0131m\u0131\" width=\"780\" height=\"439\" src=\"https:\/\/www.youtube.com\/embed\/e4klm3Iq8uE?feature=oembed\" frameborder=\"0\" allow=\"accelerometer; autoplay; clipboard-write; encrypted-media; gyroscope; picture-in-picture\" allowfullscreen><\/iframe>\n<\/div><\/figure>\n\n\n\n<p class=\"has-text-align-center has-vivid-cyan-blue-color has-text-color\"><strong>Demolition with Excavator<\/strong><\/p>\n<\/div>\n<\/div>\n\n\n\n<p><\/p>\n\n\n\n<hr class=\"wp-block-separator has-text-color has-vivid-cyan-blue-color has-css-opacity has-vivid-cyan-blue-background-color has-background\"\/>\n\n\n\n<p class=\"has-text-align-center\">We carry out the demolition of the building in your project area, under the high level of security measures, under the control of the Engineer, by designing it. We take the risk under control at all of these stages and make you feel the difference of professionalism.<\/p>\n\n\n\n<hr class=\"wp-block-separator has-text-color has-vivid-cyan-blue-color has-css-opacity has-vivid-cyan-blue-background-color has-background\"\/>\n\n\n\n<div class=\"wp-block-columns is-layout-flex wp-container-core-columns-is-layout-9d6595d7 wp-block-columns-is-layout-flex\">\n<div class=\"wp-block-column is-layout-flow wp-block-column-is-layout-flow\">\n<figure class=\"wp-block-image size-large\"><img decoding=\"async\" src=\"http:\/\/www.maviyikim.com.tr\/wp-content\/uploads\/2021\/10\/binayikim3.jpg\" alt=\"\"\/><\/figure>\n<\/div>\n\n\n\n<div class=\"wp-block-column is-layout-flow wp-block-column-is-layout-flow\">\n<figure class=\"wp-block-image size-large\"><img decoding=\"async\" src=\"http:\/\/www.maviyikim.com.tr\/wp-content\/uploads\/2021\/10\/binayikim2.jpg\" alt=\"\"\/><\/figure>\n<\/div>\n\n\n\n<div class=\"wp-block-column is-layout-flow wp-block-column-is-layout-flow\">\n<figure class=\"wp-block-image size-large\"><img decoding=\"async\" src=\"http:\/\/www.maviyikim.com.tr\/wp-content\/uploads\/2021\/10\/binayikim1.jpg\" alt=\"\"\/><\/figure>\n<\/div>\n<\/div>\n\n\n\n<div class=\"wp-block-columns is-layout-flex wp-container-core-columns-is-layout-9d6595d7 wp-block-columns-is-layout-flex\">\n<div class=\"wp-block-column is-layout-flow wp-block-column-is-layout-flow\">\n<div class=\"wp-block-safirtema-mainheading mainHeading\"><div class=\"inner\"><div class=\"icon safiricon\"><svg class=\"safiricon-icon40\"><use href=\"#safiricon-icon40\"><\/use><\/svg><\/div><div class=\"text\">What is Demolition?<\/div><\/div><\/div>\n\n\n\n<p>Demolition is the process of destroying the static integrity of any building that has completed its service life and turning the area on which the building is located into a land again.<\/p>\n<\/div>\n\n\n\n<div class=\"wp-block-column is-layout-flow wp-block-column-is-layout-flow\">\n<div class=\"wp-block-safirtema-mainheading mainHeading\"><div class=\"inner\"><div class=\"icon safiricon\"><svg class=\"safiricon-icon40\"><use href=\"#safiricon-icon40\"><\/use><\/svg><\/div><div class=\"text\">What is Safe Demolition?<\/div><\/div><\/div>\n\n\n\n<p>Safe demolition is the demolition of the building, which is carried out by closing the perimeter of the building, taking all precautions and using the appropriate methods and machinery for the demolition of the building.<\/p>\n<\/div>\n<\/div>\n\n\n\n<hr class=\"wp-block-separator has-text-color has-vivid-cyan-blue-color has-css-opacity has-vivid-cyan-blue-background-color has-background\"\/>\n\n\n\n<div class=\"wp-block-safirtema-mainheading mainHeading\"><div class=\"inner\"><div class=\"icon safiricon\"><svg class=\"safiricon-icon40\"><use href=\"#safiricon-icon40\"><\/use><\/svg><\/div><div class=\"text\">Why Us?<\/div><\/div><\/div>\n\n\n\n<div class=\"wp-block-columns is-layout-flex wp-container-core-columns-is-layout-9d6595d7 wp-block-columns-is-layout-flex\">\n<div class=\"wp-block-column is-layout-flow wp-block-column-is-layout-flow\">\n<ul class=\"wp-block-list\"><li><strong>1-<\/strong> We take all precautions<\/li><\/ul>\n\n\n\n<ul class=\"wp-block-list\"><li><strong>2-<\/strong> We Determine the Appropriate Method<\/li><\/ul>\n<\/div>\n\n\n\n<div class=\"wp-block-column is-layout-flow wp-block-column-is-layout-flow\">\n<ul class=\"wp-block-list\"><li><strong>3-<\/strong> We pay attention to the environment<\/li><\/ul>\n\n\n\n<ul class=\"wp-block-list\"><li><strong>4-<\/strong> We carry out controlled demolition<\/li><\/ul>\n<\/div>\n<\/div>\n\n\n\n<hr class=\"wp-block-separator has-text-color has-vivid-cyan-blue-color has-css-opacity has-vivid-cyan-blue-background-color has-background\"\/>\n\n\n\n<p class=\"has-text-align-center\"><strong><mark style=\"background-color:rgba(0, 0, 0, 0)\" class=\"has-inline-color has-vivid-cyan-blue-color\"><a href=\"http:\/\/www.maviyikim.com.tr\" title=\"www.maviyikim.com.tr\">Professional Choice<\/a><\/mark><\/strong><a href=\"https:\/\/maviyikim.com.tr\/bina-yikim\/\"><\/a><\/p>\n","protected":false},"excerpt":{"rendered":"<p>We carry out the demolition of your buildings, from roof to foundation, under high-level security measures.<\/p>\n","protected":false},"author":1,"featured_media":10431,"parent":0,"menu_order":0,"comment_status":"closed","ping_status":"closed","template":"","meta":{"footnotes":""},"class_list":["post-10250","page","type-page","status-publish","has-post-thumbnail","hentry"],"aioseo_notices":[],"_links":{"self":[{"href":"https:\/\/www.maviyikim.com.tr\/en\/wp-json\/wp\/v2\/pages\/10250","targetHints":{"allow":["GET"]}}],"collection":[{"href":"https:\/\/www.maviyikim.com.tr\/en\/wp-json\/wp\/v2\/pages"}],"about":[{"href":"https:\/\/www.maviyikim.com.tr\/en\/wp-json\/wp\/v2\/types\/page"}],"author":[{"embeddable":true,"href":"https:\/\/www.maviyikim.com.tr\/en\/wp-json\/wp\/v2\/users\/1"}],"replies":[{"embeddable":true,"href":"https:\/\/www.maviyikim.com.tr\/en\/wp-json\/wp\/v2\/comments?post=10250"}],"version-history":[{"count":45,"href":"https:\/\/www.maviyikim.com.tr\/en\/wp-json\/wp\/v2\/pages\/10250\/revisions"}],"predecessor-version":[{"id":11408,"href":"https:\/\/www.maviyikim.com.tr\/en\/wp-json\/wp\/v2\/pages\/10250\/revisions\/11408"}],"wp:featuredmedia":[{"embeddable":true,"href":"https:\/\/www.maviyikim.com.tr\/en\/wp-json\/wp\/v2\/media\/10431"}],"wp:attachment":[{"href":"https:\/\/www.maviyikim.com.tr\/en\/wp-json\/wp\/v2\/media?parent=10250"}],"curies":[{"name":"wp","href":"https:\/\/api.w.org\/{rel}","templated":true}]}}