{"id":10395,"date":"2021-09-23T10:05:52","date_gmt":"2021-09-23T07:05:52","guid":{"rendered":"http:\/\/www.maviyikim.com.tr\/v21\/?page_id=10395"},"modified":"2022-06-07T13:11:59","modified_gmt":"2022-06-07T10:11:59","slug":"mavi-tracking","status":"publish","type":"page","link":"https:\/\/www.maviyikim.com.tr\/en\/mavi-tracking\/","title":{"rendered":"Mavi Tracking"},"content":{"rendered":"\n<p><\/p>\n\n\n\n<div class=\"wp-block-columns is-layout-flex wp-container-core-columns-is-layout-9d6595d7 wp-block-columns-is-layout-flex\">\n<div class=\"wp-block-column is-layout-flow wp-block-column-is-layout-flow\">\n<div class=\"wp-block-cover\" style=\"min-height:351px;aspect-ratio:unset;\"><span aria-hidden=\"true\" class=\"wp-block-cover__background has-background-dim\"><\/span><img loading=\"lazy\" decoding=\"async\" width=\"1000\" height=\"563\" class=\"wp-block-cover__image-background wp-image-10670\" alt=\"\" src=\"https:\/\/www.maviyikim.com.tr\/wp-content\/uploads\/2021\/10\/Mavi-Takip.jpg\" data-object-fit=\"cover\" srcset=\"https:\/\/www.maviyikim.com.tr\/en\/wp-content\/uploads\/2021\/10\/Mavi-Takip.jpg 1000w, https:\/\/www.maviyikim.com.tr\/en\/wp-content\/uploads\/2021\/10\/Mavi-Takip-300x169.jpg 300w, https:\/\/www.maviyikim.com.tr\/en\/wp-content\/uploads\/2021\/10\/Mavi-Takip-768x432.jpg 768w\" sizes=\"auto, (max-width: 1000px) 100vw, 1000px\" \/><div class=\"wp-block-cover__inner-container is-layout-flow wp-block-cover-is-layout-flow\">\n<p class=\"has-text-align-center has-white-color has-text-color has-large-font-size\"><a href=\"http:\/\/takip.maviyikim.com.tr\" target=\"_blank\" rel=\"noreferrer noopener\"><img loading=\"lazy\" decoding=\"async\" width=\"150\" height=\"44\" class=\"wp-image-10797\" style=\"width: 150px;\" src=\"https:\/\/www.maviyikim.com.tr\/wp-content\/uploads\/2021\/10\/simdikullan.png\" alt=\"\" srcset=\"https:\/\/www.maviyikim.com.tr\/en\/wp-content\/uploads\/2021\/10\/simdikullan.png 304w, https:\/\/www.maviyikim.com.tr\/en\/wp-content\/uploads\/2021\/10\/simdikullan-300x88.png 300w\" sizes=\"auto, (max-width: 150px) 100vw, 150px\" \/><\/a><\/p>\n<\/div><\/div>\n<\/div>\n<\/div>\n\n\n\n<div class=\"wp-block-safirtema-mainheading mainHeading\"><div class=\"inner\"><div class=\"icon safiricon\"><svg class=\"safiricon-icon39\"><use href=\"#safiricon-icon39\"><\/use><\/svg><\/div><div class=\"text\">What is Mavi Tracking ?<\/div><\/div><\/div>\n\n\n\n<p>After signing the contract in the construction site where the demolition and dismantling activities will be carried out, Mavi Y\u0131k\u0131m carries out a second inspection from the ground and from the air with a drone, and starts the detailing of the project.<\/p>\n\n\n\n<p>As a result of professional evaluations, engineering measurements and analyzes, risk analyzes are made and all safety precautions are taken before demolition and dismantling and preparations are completed.<\/p>\n\n\n\n<p>After the preparations are completed, the demolition and dismantling activities begin. The rubble that was uncovered while demolition was carried out within the framework of the detailed plan program made before, is removed from the construction site and the area is prepared for delivery.<\/p>\n\n\n\n<p>All activities announced, performed and to be carried out are uploaded to the <strong>&#8220;Mavi Tracking&#8221;<\/strong> platform, both visually and in writing. Thus, our customers gain the opportunity to follow the activities carried out whenever they want, even while drinking tea in their offices, with the <strong>&#8220;Mavi Tracking&#8221;<\/strong> program.<\/p>\n\n\n\n<div class=\"wp-block-cover aligncenter\" style=\"min-height:62px;aspect-ratio:unset;\"><span aria-hidden=\"true\" class=\"wp-block-cover__background has-background-dim\"><\/span><img loading=\"lazy\" decoding=\"async\" width=\"1250\" height=\"450\" class=\"wp-block-cover__image-background wp-image-10224\" alt=\"\" src=\"https:\/\/www.maviyikim.com.tr\/wp-content\/uploads\/2021\/09\/Mavi_takip_bg.jpg\" data-object-fit=\"cover\" srcset=\"https:\/\/www.maviyikim.com.tr\/en\/wp-content\/uploads\/2021\/09\/Mavi_takip_bg.jpg 1250w, https:\/\/www.maviyikim.com.tr\/en\/wp-content\/uploads\/2021\/09\/Mavi_takip_bg-300x108.jpg 300w, https:\/\/www.maviyikim.com.tr\/en\/wp-content\/uploads\/2021\/09\/Mavi_takip_bg-1024x369.jpg 1024w, https:\/\/www.maviyikim.com.tr\/en\/wp-content\/uploads\/2021\/09\/Mavi_takip_bg-768x276.jpg 768w\" sizes=\"auto, (max-width: 1250px) 100vw, 1250px\" \/><div class=\"wp-block-cover__inner-container is-layout-flow wp-block-cover-is-layout-flow\">\n<p class=\"has-text-align-center has-white-color has-text-color has-large-font-size\"><a href=\"http:\/\/takip.maviyikim.com.tr\"><img loading=\"lazy\" decoding=\"async\" width=\"150\" height=\"44\" class=\"wp-image-10797\" style=\"width: 150px;\" src=\"https:\/\/www.maviyikim.com.tr\/wp-content\/uploads\/2021\/10\/simdikullan.png\" alt=\"\" srcset=\"https:\/\/www.maviyikim.com.tr\/en\/wp-content\/uploads\/2021\/10\/simdikullan.png 304w, https:\/\/www.maviyikim.com.tr\/en\/wp-content\/uploads\/2021\/10\/simdikullan-300x88.png 300w\" sizes=\"auto, (max-width: 150px) 100vw, 150px\" \/><\/a><\/p>\n<\/div><\/div>\n\n\n\n<hr class=\"wp-block-separator has-text-color has-vivid-cyan-blue-color has-css-opacity has-vivid-cyan-blue-background-color has-background\"\/>\n\n\n\n<div class=\"wp-block-columns is-layout-flex wp-container-core-columns-is-layout-9d6595d7 wp-block-columns-is-layout-flex\">\n<div class=\"wp-block-column is-layout-flow wp-block-column-is-layout-flow\">\n<figure class=\"wp-block-embed is-type-video is-provider-youtube wp-block-embed-youtube wp-embed-aspect-16-9 wp-has-aspect-ratio\"><div class=\"wp-block-embed__wrapper\">\n<iframe loading=\"lazy\" title=\"Konya Stadyum Y\u0131k\u0131m\u0131 - Mavi Y\u0131k\u0131m\" width=\"780\" height=\"439\" src=\"https:\/\/www.youtube.com\/embed\/hBEnZoH1-6k?start=41&#038;feature=oembed\" frameborder=\"0\" allow=\"accelerometer; autoplay; clipboard-write; encrypted-media; gyroscope; picture-in-picture\" allowfullscreen><\/iframe>\n<\/div><\/figure>\n\n\n\n<p class=\"has-text-align-center has-vivid-cyan-blue-color has-text-color\"><strong>We Protect the Environment<\/strong><\/p>\n<\/div>\n\n\n\n<div class=\"wp-block-column is-layout-flow wp-block-column-is-layout-flow\">\n<figure class=\"wp-block-embed is-type-video is-provider-youtube wp-block-embed-youtube wp-embed-aspect-16-9 wp-has-aspect-ratio\"><div class=\"wp-block-embed__wrapper\">\n<iframe loading=\"lazy\" title=\"Keserek Y\u0131k\u0131m - Mavi Y\u0131k\u0131m\" width=\"780\" height=\"439\" src=\"https:\/\/www.youtube.com\/embed\/MLMSIIJwIB8?feature=oembed\" frameborder=\"0\" allow=\"accelerometer; autoplay; clipboard-write; encrypted-media; gyroscope; picture-in-picture\" allowfullscreen><\/iframe>\n<\/div><\/figure>\n\n\n\n<p class=\"has-text-align-center has-vivid-cyan-blue-color has-text-color\"><strong>We Use All Opportunities<\/strong><\/p>\n<\/div>\n\n\n\n<div class=\"wp-block-column is-layout-flow wp-block-column-is-layout-flow\">\n<figure class=\"wp-block-embed is-type-video is-provider-youtube wp-block-embed-youtube wp-embed-aspect-16-9 wp-has-aspect-ratio\"><div class=\"wp-block-embed__wrapper\">\n<iframe loading=\"lazy\" title=\"K\u00f6pr\u00fc  Y\u0131k\u0131m\u0131 - \u00dcst Ge\u00e7it  - Mavi Y\u0131k\u0131m\" width=\"780\" height=\"439\" src=\"https:\/\/www.youtube.com\/embed\/gWR_roE9_DI?feature=oembed\" frameborder=\"0\" allow=\"accelerometer; autoplay; clipboard-write; encrypted-media; gyroscope; picture-in-picture\" allowfullscreen><\/iframe>\n<\/div><\/figure>\n\n\n\n<p class=\"has-text-align-center has-vivid-cyan-blue-color has-text-color\"><strong>We Care About Safety<\/strong><\/p>\n<\/div>\n<\/div>\n\n\n\n<hr class=\"wp-block-separator has-text-color has-vivid-cyan-blue-color has-css-opacity has-vivid-cyan-blue-background-color has-background\"\/>\n\n\n\n<div class=\"wp-block-cover aligncenter\" style=\"min-height:235px;aspect-ratio:unset;\"><span aria-hidden=\"true\" class=\"wp-block-cover__background has-background-dim\"><\/span><img loading=\"lazy\" decoding=\"async\" width=\"1250\" height=\"450\" class=\"wp-block-cover__image-background wp-image-10224\" alt=\"\" src=\"https:\/\/www.maviyikim.com.tr\/wp-content\/uploads\/2021\/09\/Mavi_takip_bg.jpg\" data-object-fit=\"cover\" srcset=\"https:\/\/www.maviyikim.com.tr\/en\/wp-content\/uploads\/2021\/09\/Mavi_takip_bg.jpg 1250w, https:\/\/www.maviyikim.com.tr\/en\/wp-content\/uploads\/2021\/09\/Mavi_takip_bg-300x108.jpg 300w, https:\/\/www.maviyikim.com.tr\/en\/wp-content\/uploads\/2021\/09\/Mavi_takip_bg-1024x369.jpg 1024w, https:\/\/www.maviyikim.com.tr\/en\/wp-content\/uploads\/2021\/09\/Mavi_takip_bg-768x276.jpg 768w\" sizes=\"auto, (max-width: 1250px) 100vw, 1250px\" \/><div class=\"wp-block-cover__inner-container is-layout-flow wp-block-cover-is-layout-flow\">\n<p class=\"has-text-align-center has-white-color has-text-color has-large-font-size\"><a href=\"http:\/\/takip.maviyikim.com.tr\" title=\"\"><img loading=\"lazy\" decoding=\"async\" width=\"150\" height=\"44\" class=\"wp-image-10797\" style=\"width: 150px;\" src=\"https:\/\/www.maviyikim.com.tr\/wp-content\/uploads\/2021\/10\/simdikullan.png\" alt=\"\" srcset=\"https:\/\/www.maviyikim.com.tr\/en\/wp-content\/uploads\/2021\/10\/simdikullan.png 304w, https:\/\/www.maviyikim.com.tr\/en\/wp-content\/uploads\/2021\/10\/simdikullan-300x88.png 300w\" sizes=\"auto, (max-width: 150px) 100vw, 150px\" \/><\/a><\/p>\n<\/div><\/div>\n","protected":false},"excerpt":{"rendered":"<p>After signing the contract in the construction site where the demolition and dismantling activities will be carried out, Mavi Y\u0131k\u0131m carries out a second inspection from the ground and from the air with a drone, and starts the detailing of the project. As a result of professional evaluations, engineering measurements and analyzes, risk analyzes are [&hellip;]<\/p>\n","protected":false},"author":1,"featured_media":0,"parent":0,"menu_order":0,"comment_status":"closed","ping_status":"closed","template":"","meta":{"footnotes":""},"class_list":["post-10395","page","type-page","status-publish","hentry"],"aioseo_notices":[],"_links":{"self":[{"href":"https:\/\/www.maviyikim.com.tr\/en\/wp-json\/wp\/v2\/pages\/10395","targetHints":{"allow":["GET"]}}],"collection":[{"href":"https:\/\/www.maviyikim.com.tr\/en\/wp-json\/wp\/v2\/pages"}],"about":[{"href":"https:\/\/www.maviyikim.com.tr\/en\/wp-json\/wp\/v2\/types\/page"}],"author":[{"embeddable":true,"href":"https:\/\/www.maviyikim.com.tr\/en\/wp-json\/wp\/v2\/users\/1"}],"replies":[{"embeddable":true,"href":"https:\/\/www.maviyikim.com.tr\/en\/wp-json\/wp\/v2\/comments?post=10395"}],"version-history":[{"count":44,"href":"https:\/\/www.maviyikim.com.tr\/en\/wp-json\/wp\/v2\/pages\/10395\/revisions"}],"predecessor-version":[{"id":11384,"href":"https:\/\/www.maviyikim.com.tr\/en\/wp-json\/wp\/v2\/pages\/10395\/revisions\/11384"}],"wp:attachment":[{"href":"https:\/\/www.maviyikim.com.tr\/en\/wp-json\/wp\/v2\/media?parent=10395"}],"curies":[{"name":"wp","href":"https:\/\/api.w.org\/{rel}","templated":true}]}}