{"id":10653,"date":"2021-10-17T10:45:53","date_gmt":"2021-10-17T07:45:53","guid":{"rendered":"http:\/\/www.maviyikim.com.tr\/v21\/?page_id=10653"},"modified":"2022-06-09T18:23:41","modified_gmt":"2022-06-09T15:23:41","slug":"safe-demolition","status":"publish","type":"page","link":"https:\/\/www.maviyikim.com.tr\/en\/safe-demolition\/","title":{"rendered":"Safe Demolition"},"content":{"rendered":"\n<div class=\"wp-block-safirtema-mainheading mainHeading\"><div class=\"inner\"><div class=\"icon safiricon\"><svg class=\"safiricon-icon40\"><use href=\"#safiricon-icon40\"><\/use><\/svg><\/div><div class=\"text\">Our Priority is Human<\/div><\/div><\/div>\n\n\n\n<p>As a company, our first priority is Occupational Health and Safety. For this reason, demolition, which is the main field of activity of our company, must be safe. Our company carries out &#8220;Safe Demolition&#8221; in every project without compromising security.<\/p>\n\n\n\n<div class=\"wp-block-safirtema-mainheading mainHeading\"><div class=\"inner\"><div class=\"icon safiricon\"><svg class=\"safiricon-icon40\"><use href=\"#safiricon-icon40\"><\/use><\/svg><\/div><div class=\"text\">We Take All Precautions<\/div><\/div><\/div>\n\n\n\n<ul class=\"wp-block-list\"><li><strong>&#8211;<\/strong> We clouse the area at every demolition.<\/li><li><strong>&#8211;<\/strong> We carefully examine the environmental factors in each demolition and take the necessary precautions.<\/li><li><strong>&#8211;<\/strong> At each demolition, we apply temporary screening to the building surface.<\/li><li>&#8211; We provide site-specific training to our Staff at every demolition.<\/li><li><strong>&#8211;<\/strong> We have a 24-hour security guard at every demolition.<\/li><li><strong>&#8211;<\/strong> Before each demolition, we have periodic maintenance on our machines.<\/li><li><strong>&#8211;<\/strong> Her y\u0131k\u0131m farkl\u0131d\u0131r! Bu sebeple her binaya \u00f6zel y\u0131k\u0131m y\u00f6ntemi belirliyoruz.<\/li><li><strong>&#8211;<\/strong> Every demolition is different! For this reason, we determine a specific demolition method for each project.<\/li><li><strong>&#8211;<\/strong> In our projects, we do not make any tilting of buildings. We carry out demolition with the floor reduction.<\/li><li><strong>&#8211;<\/strong> We employ all of the personnel in the field according to their professional qualifications and documents.<\/li><li><strong>&#8211;<\/strong> We perform field inspections by our engineers.<\/li><\/ul>\n\n\n\n<div class=\"wp-block-safirtema-mainheading mainHeading\"><div class=\"inner\"><div class=\"icon safiricon\"><svg class=\"safiricon-icon40\"><use href=\"#safiricon-icon40\"><\/use><\/svg><\/div><div class=\"text\">We do not compromise on quality<\/div><\/div><\/div>\n\n\n\n<p>Our company has ISO 9001, ISO14001 and OHSAS 18001 certificates and works in accordance with these management systems.<\/p>\n\n\n\n<div class=\"wp-block-columns is-layout-flex wp-container-core-columns-is-layout-9d6595d7 wp-block-columns-is-layout-flex\">\n<div class=\"wp-block-column is-layout-flow wp-block-column-is-layout-flow\">\n<figure class=\"wp-block-image size-full\"><img loading=\"lazy\" decoding=\"async\" width=\"1000\" height=\"563\" src=\"http:\/\/www.maviyikim.com.tr\/v21\/wp-content\/uploads\/2021\/09\/endustriyel-yikim.jpg\" alt=\"\" class=\"wp-image-10423\" srcset=\"https:\/\/www.maviyikim.com.tr\/en\/wp-content\/uploads\/2021\/09\/endustriyel-yikim.jpg 1000w, https:\/\/www.maviyikim.com.tr\/en\/wp-content\/uploads\/2021\/09\/endustriyel-yikim-300x169.jpg 300w, https:\/\/www.maviyikim.com.tr\/en\/wp-content\/uploads\/2021\/09\/endustriyel-yikim-768x432.jpg 768w\" sizes=\"auto, (max-width: 1000px) 100vw, 1000px\" \/><\/figure>\n<\/div>\n\n\n\n<div class=\"wp-block-column is-layout-flow wp-block-column-is-layout-flow\">\n<figure class=\"wp-block-image size-full\"><img decoding=\"async\" src=\"http:\/\/www.maviyikim.com.tr\/v21\/wp-content\/uploads\/2021\/09\/s\u00f6k\u00fcm_mavi-yikim.jpg\" alt=\"\" class=\"wp-image-10231\"\/><\/figure>\n<\/div>\n\n\n\n<div class=\"wp-block-column is-layout-flow wp-block-column-is-layout-flow\">\n<figure class=\"wp-block-image size-full\"><img loading=\"lazy\" decoding=\"async\" width=\"1000\" height=\"563\" src=\"http:\/\/www.maviyikim.com.tr\/v21\/wp-content\/uploads\/2021\/09\/Tehlikesiz-atik.jpg\" alt=\"\" class=\"wp-image-10333\" srcset=\"https:\/\/www.maviyikim.com.tr\/en\/wp-content\/uploads\/2021\/09\/Tehlikesiz-atik.jpg 1000w, https:\/\/www.maviyikim.com.tr\/en\/wp-content\/uploads\/2021\/09\/Tehlikesiz-atik-300x169.jpg 300w, https:\/\/www.maviyikim.com.tr\/en\/wp-content\/uploads\/2021\/09\/Tehlikesiz-atik-768x432.jpg 768w\" sizes=\"auto, (max-width: 1000px) 100vw, 1000px\" \/><\/figure>\n<\/div>\n<\/div>\n","protected":false},"excerpt":{"rendered":"<p>As a company, our first priority is Occupational Health and Safety. For this reason, demolition, which is the main field of activity of our company, must be safe. Our company carries out &#8220;Safe Demolition&#8221; in every project without compromising security. &#8211; We clouse the area at every demolition. &#8211; We carefully examine the environmental factors [&hellip;]<\/p>\n","protected":false},"author":1,"featured_media":0,"parent":0,"menu_order":0,"comment_status":"closed","ping_status":"closed","template":"","meta":{"footnotes":""},"class_list":["post-10653","page","type-page","status-publish","hentry"],"aioseo_notices":[],"_links":{"self":[{"href":"https:\/\/www.maviyikim.com.tr\/en\/wp-json\/wp\/v2\/pages\/10653","targetHints":{"allow":["GET"]}}],"collection":[{"href":"https:\/\/www.maviyikim.com.tr\/en\/wp-json\/wp\/v2\/pages"}],"about":[{"href":"https:\/\/www.maviyikim.com.tr\/en\/wp-json\/wp\/v2\/types\/page"}],"author":[{"embeddable":true,"href":"https:\/\/www.maviyikim.com.tr\/en\/wp-json\/wp\/v2\/users\/1"}],"replies":[{"embeddable":true,"href":"https:\/\/www.maviyikim.com.tr\/en\/wp-json\/wp\/v2\/comments?post=10653"}],"version-history":[{"count":10,"href":"https:\/\/www.maviyikim.com.tr\/en\/wp-json\/wp\/v2\/pages\/10653\/revisions"}],"predecessor-version":[{"id":11466,"href":"https:\/\/www.maviyikim.com.tr\/en\/wp-json\/wp\/v2\/pages\/10653\/revisions\/11466"}],"wp:attachment":[{"href":"https:\/\/www.maviyikim.com.tr\/en\/wp-json\/wp\/v2\/media?parent=10653"}],"curies":[{"name":"wp","href":"https:\/\/api.w.org\/{rel}","templated":true}]}}