{"id":11017,"date":"2022-05-07T16:44:40","date_gmt":"2022-05-07T13:44:40","guid":{"rendered":"https:\/\/www.maviyikim.com.tr\/?page_id=11017"},"modified":"2022-06-07T17:49:17","modified_gmt":"2022-06-07T14:49:17","slug":"kabatas-high-school-demolition","status":"publish","type":"page","link":"https:\/\/www.maviyikim.com.tr\/en\/kabatas-high-school-demolition\/","title":{"rendered":"Kabata\u015f High School Demolition"},"content":{"rendered":"\n<div class=\"wp-block-safirtema-mainheading mainHeading\"><div class=\"inner\"><div class=\"icon safiricon\"><svg class=\"safiricon-icon40\"><use href=\"#safiricon-icon40\"><\/use><\/svg><\/div><div class=\"text\">About Kabata\u015f High School Demolition<\/div><\/div><\/div>\n\n\n\n<p>Within the scope of the demolition project approved by the Istanbul Governorship Kabata\u015f High School Protection Board; Separation of the new building from the historical building, demolition of the new building and removal of the rubble, Project was carried out by our company.<\/p>\n\n\n\n<p>Within the scope of the project, our demolition team separated the historical building and the new building from each other by hand work without damaging the original structure.<\/p>\n\n\n\n<p>In the continuation of this work, the new structure was demolished and its debris was removed by our demolition machine.<\/p>\n\n\n\n<p><strong>This Project; In its field, it is referred to as &#8220;the largest demolition project in which the historical building and the reinforced concrete structure are separated&#8221; in Turkey.<\/strong><\/p>\n\n\n<div class=\"wp-block-image\">\n<figure class=\"aligncenter size-full\"><img loading=\"lazy\" decoding=\"async\" width=\"1024\" height=\"435\" src=\"https:\/\/www.maviyikim.com.tr\/wp-content\/uploads\/2021\/09\/kabatas-lisesi-maviyikim.jpeg\" alt=\"\" class=\"wp-image-416\" srcset=\"https:\/\/www.maviyikim.com.tr\/en\/wp-content\/uploads\/2021\/09\/kabatas-lisesi-maviyikim.jpeg 1024w, https:\/\/www.maviyikim.com.tr\/en\/wp-content\/uploads\/2021\/09\/kabatas-lisesi-maviyikim-300x127.jpeg 300w, https:\/\/www.maviyikim.com.tr\/en\/wp-content\/uploads\/2021\/09\/kabatas-lisesi-maviyikim-768x326.jpeg 768w\" sizes=\"auto, (max-width: 1024px) 100vw, 1024px\" \/><\/figure>\n<\/div>\n\n\n<hr class=\"wp-block-separator has-css-opacity\"\/>\n\n\n\n<div class=\"wp-block-safirtema-mainheading mainHeading\"><div class=\"inner\"><div class=\"icon safiricon\"><svg class=\"safiricon-icon40\"><use href=\"#safiricon-icon40\"><\/use><\/svg><\/div><div class=\"text\">Project Videos<\/div><\/div><\/div>\n\n\n\n<div class=\"wp-block-columns is-layout-flex wp-container-core-columns-is-layout-9d6595d7 wp-block-columns-is-layout-flex\">\n<div class=\"wp-block-column is-layout-flow wp-block-column-is-layout-flow\">\n<figure class=\"wp-block-embed is-type-video is-provider-youtube wp-block-embed-youtube wp-embed-aspect-16-9 wp-has-aspect-ratio\"><div class=\"wp-block-embed__wrapper\">\n<iframe loading=\"lazy\" title=\"Dev Bina Y\u0131k\u0131m\u0131 - K\u0131r\u0131m\u0131 - Tarihi binadan yeni yap\u0131n\u0131n ayr\u0131m\u0131 - Kabata\u015f Lisesi - Mavi Y\u0131k\u0131m\" width=\"780\" height=\"439\" src=\"https:\/\/www.youtube.com\/embed\/CbPiyDIAI5s?feature=oembed\" frameborder=\"0\" allow=\"accelerometer; autoplay; clipboard-write; encrypted-media; gyroscope; picture-in-picture\" allowfullscreen><\/iframe>\n<\/div><\/figure>\n<\/div>\n\n\n\n<div class=\"wp-block-column is-layout-flow wp-block-column-is-layout-flow\">\n<figure class=\"wp-block-embed is-type-video is-provider-youtube wp-block-embed-youtube wp-embed-aspect-16-9 wp-has-aspect-ratio\"><div class=\"wp-block-embed__wrapper\">\n<iframe loading=\"lazy\" title=\"\u0130tinal\u0131 Bina Y\u0131k\u0131m\u0131 Profesyonel Se\u00e7im\" width=\"780\" height=\"439\" src=\"https:\/\/www.youtube.com\/embed\/gyy4ZT1nweU?feature=oembed\" frameborder=\"0\" allow=\"accelerometer; autoplay; clipboard-write; encrypted-media; gyroscope; picture-in-picture\" allowfullscreen><\/iframe>\n<\/div><\/figure>\n<\/div>\n\n\n\n<div class=\"wp-block-column is-layout-flow wp-block-column-is-layout-flow\">\n<figure class=\"wp-block-embed is-type-video is-provider-youtube wp-block-embed-youtube wp-embed-aspect-16-9 wp-has-aspect-ratio\"><div class=\"wp-block-embed__wrapper\">\n<iframe loading=\"lazy\" title=\"Mini Makina ve Ekskavat\u00f6r \u00c7al\u0131\u015fmas\u0131 - Mavi Y\u0131k\u0131m\" width=\"780\" height=\"439\" src=\"https:\/\/www.youtube.com\/embed\/iCAuHFErgDA?feature=oembed\" frameborder=\"0\" allow=\"accelerometer; autoplay; clipboard-write; encrypted-media; gyroscope; picture-in-picture\" allowfullscreen><\/iframe>\n<\/div><\/figure>\n<\/div>\n<\/div>\n\n\n\n<div class=\"wp-block-safirtema-mainheading mainHeading\"><div class=\"inner\"><div class=\"icon safiricon\"><svg class=\"safiricon-icon53\"><use href=\"#safiricon-icon53\"><\/use><\/svg><\/div><div class=\"text\">Project Photos<\/div><\/div><\/div>\n\n\n\n<figure class=\"wp-block-gallery has-nested-images columns-5 is-cropped wp-block-gallery-1 is-layout-flex wp-block-gallery-is-layout-flex\">\n<figure class=\"wp-block-image size-large\"><a href=\"https:\/\/www.maviyikim.com.tr\/wp-content\/uploads\/2021\/09\/itinali-yikim.jpg\"><img loading=\"lazy\" decoding=\"async\" width=\"1000\" height=\"563\" data-id=\"10422\" src=\"https:\/\/www.maviyikim.com.tr\/wp-content\/uploads\/2021\/09\/itinali-yikim.jpg\" alt=\"\" class=\"wp-image-10422\" srcset=\"https:\/\/www.maviyikim.com.tr\/en\/wp-content\/uploads\/2021\/09\/itinali-yikim.jpg 1000w, https:\/\/www.maviyikim.com.tr\/en\/wp-content\/uploads\/2021\/09\/itinali-yikim-300x169.jpg 300w, https:\/\/www.maviyikim.com.tr\/en\/wp-content\/uploads\/2021\/09\/itinali-yikim-768x432.jpg 768w\" sizes=\"auto, (max-width: 1000px) 100vw, 1000px\" \/><\/a><\/figure>\n\n\n\n<figure class=\"wp-block-image size-large\"><a href=\"https:\/\/www.maviyikim.com.tr\/wp-content\/uploads\/2021\/11\/34.jpg\"><img loading=\"lazy\" decoding=\"async\" width=\"1000\" height=\"682\" data-id=\"10861\" src=\"https:\/\/www.maviyikim.com.tr\/wp-content\/uploads\/2021\/11\/34.jpg\" alt=\"Mavi Y\u0131k\u0131m, \u0130stanbul Y\u0131k\u0131m, Y\u0131k\u0131m, Fabrika Y\u0131k\u0131m, Tesis Y\u0131k\u0131m, \u0130zmir Y\u0131k\u0131m, demolition, Profesyonel y\u0131k\u0131m, y\u0131k\u0131m plan\u0131, Restorasyon, \u0130tinal\u0131 Y\u0131k\u0131m, elle y\u0131k\u0131m\" class=\"wp-image-10861\" srcset=\"https:\/\/www.maviyikim.com.tr\/en\/wp-content\/uploads\/2021\/11\/34.jpg 1000w, https:\/\/www.maviyikim.com.tr\/en\/wp-content\/uploads\/2021\/11\/34-300x205.jpg 300w, https:\/\/www.maviyikim.com.tr\/en\/wp-content\/uploads\/2021\/11\/34-768x524.jpg 768w\" sizes=\"auto, (max-width: 1000px) 100vw, 1000px\" \/><\/a><\/figure>\n\n\n\n<figure class=\"wp-block-image size-large\"><a href=\"https:\/\/www.maviyikim.com.tr\/wp-content\/uploads\/2021\/10\/nakliye1.jpg\"><img loading=\"lazy\" decoding=\"async\" width=\"1000\" height=\"563\" data-id=\"10747\" src=\"https:\/\/www.maviyikim.com.tr\/wp-content\/uploads\/2021\/10\/nakliye1.jpg\" alt=\"\" class=\"wp-image-10747\" srcset=\"https:\/\/www.maviyikim.com.tr\/en\/wp-content\/uploads\/2021\/10\/nakliye1.jpg 1000w, https:\/\/www.maviyikim.com.tr\/en\/wp-content\/uploads\/2021\/10\/nakliye1-300x169.jpg 300w, https:\/\/www.maviyikim.com.tr\/en\/wp-content\/uploads\/2021\/10\/nakliye1-768x432.jpg 768w\" sizes=\"auto, (max-width: 1000px) 100vw, 1000px\" \/><\/a><\/figure>\n\n\n\n<figure class=\"wp-block-image size-large\"><a href=\"https:\/\/www.maviyikim.com.tr\/wp-content\/uploads\/2021\/11\/28.jpg\"><img loading=\"lazy\" decoding=\"async\" width=\"1000\" height=\"682\" data-id=\"10867\" src=\"https:\/\/www.maviyikim.com.tr\/wp-content\/uploads\/2021\/11\/28.jpg\" alt=\"\" class=\"wp-image-10867\" srcset=\"https:\/\/www.maviyikim.com.tr\/en\/wp-content\/uploads\/2021\/11\/28.jpg 1000w, https:\/\/www.maviyikim.com.tr\/en\/wp-content\/uploads\/2021\/11\/28-300x205.jpg 300w, https:\/\/www.maviyikim.com.tr\/en\/wp-content\/uploads\/2021\/11\/28-768x524.jpg 768w\" sizes=\"auto, (max-width: 1000px) 100vw, 1000px\" \/><\/a><\/figure>\n\n\n\n<figure class=\"wp-block-image size-large\"><a href=\"https:\/\/www.maviyikim.com.tr\/wp-content\/uploads\/2022\/01\/60.jpg\"><img loading=\"lazy\" decoding=\"async\" width=\"1000\" height=\"682\" data-id=\"10933\" src=\"https:\/\/www.maviyikim.com.tr\/wp-content\/uploads\/2022\/01\/60.jpg\" alt=\"\" class=\"wp-image-10933\" srcset=\"https:\/\/www.maviyikim.com.tr\/en\/wp-content\/uploads\/2022\/01\/60.jpg 1000w, https:\/\/www.maviyikim.com.tr\/en\/wp-content\/uploads\/2022\/01\/60-300x205.jpg 300w, https:\/\/www.maviyikim.com.tr\/en\/wp-content\/uploads\/2022\/01\/60-768x524.jpg 768w\" sizes=\"auto, (max-width: 1000px) 100vw, 1000px\" \/><\/a><\/figure>\n\n\n\n<figure class=\"wp-block-image size-large\"><a href=\"https:\/\/www.maviyikim.com.tr\/wp-content\/uploads\/2021\/11\/5.jpg\"><img loading=\"lazy\" decoding=\"async\" width=\"1000\" height=\"682\" data-id=\"10890\" src=\"https:\/\/www.maviyikim.com.tr\/wp-content\/uploads\/2021\/11\/5.jpg\" alt=\"\" class=\"wp-image-10890\" srcset=\"https:\/\/www.maviyikim.com.tr\/en\/wp-content\/uploads\/2021\/11\/5.jpg 1000w, https:\/\/www.maviyikim.com.tr\/en\/wp-content\/uploads\/2021\/11\/5-300x205.jpg 300w, https:\/\/www.maviyikim.com.tr\/en\/wp-content\/uploads\/2021\/11\/5-768x524.jpg 768w\" sizes=\"auto, (max-width: 1000px) 100vw, 1000px\" \/><\/a><\/figure>\n\n\n\n<figure class=\"wp-block-image size-large\"><a href=\"https:\/\/www.maviyikim.com.tr\/wp-content\/uploads\/2021\/11\/32.jpg\"><img loading=\"lazy\" decoding=\"async\" width=\"1000\" height=\"682\" data-id=\"10863\" src=\"https:\/\/www.maviyikim.com.tr\/wp-content\/uploads\/2021\/11\/32.jpg\" alt=\"Mavi Y\u0131k\u0131m, \u0130stanbul Y\u0131k\u0131m, Y\u0131k\u0131m, Fabrika Y\u0131k\u0131m, Tesis Y\u0131k\u0131m, \u0130zmir Y\u0131k\u0131m, demolition, Profesyonel y\u0131k\u0131m, y\u0131k\u0131m plan\u0131\" class=\"wp-image-10863\" srcset=\"https:\/\/www.maviyikim.com.tr\/en\/wp-content\/uploads\/2021\/11\/32.jpg 1000w, https:\/\/www.maviyikim.com.tr\/en\/wp-content\/uploads\/2021\/11\/32-300x205.jpg 300w, https:\/\/www.maviyikim.com.tr\/en\/wp-content\/uploads\/2021\/11\/32-768x524.jpg 768w\" sizes=\"auto, (max-width: 1000px) 100vw, 1000px\" \/><\/a><\/figure>\n\n\n\n<figure class=\"wp-block-image size-large\"><a href=\"https:\/\/www.maviyikim.com.tr\/wp-content\/uploads\/2022\/05\/kabatas_1.jpg\"><img loading=\"lazy\" decoding=\"async\" width=\"1000\" height=\"682\" data-id=\"11119\" src=\"https:\/\/www.maviyikim.com.tr\/wp-content\/uploads\/2022\/05\/kabatas_1.jpg\" alt=\"\" class=\"wp-image-11119\" srcset=\"https:\/\/www.maviyikim.com.tr\/en\/wp-content\/uploads\/2022\/05\/kabatas_1.jpg 1000w, https:\/\/www.maviyikim.com.tr\/en\/wp-content\/uploads\/2022\/05\/kabatas_1-300x205.jpg 300w, https:\/\/www.maviyikim.com.tr\/en\/wp-content\/uploads\/2022\/05\/kabatas_1-768x524.jpg 768w\" sizes=\"auto, (max-width: 1000px) 100vw, 1000px\" \/><\/a><\/figure>\n\n\n\n<figure class=\"wp-block-image size-large\"><a href=\"https:\/\/www.maviyikim.com.tr\/wp-content\/uploads\/2022\/05\/kabatas2.jpg\"><img loading=\"lazy\" decoding=\"async\" width=\"1000\" height=\"682\" data-id=\"11120\" src=\"https:\/\/www.maviyikim.com.tr\/wp-content\/uploads\/2022\/05\/kabatas2.jpg\" alt=\"\" class=\"wp-image-11120\" srcset=\"https:\/\/www.maviyikim.com.tr\/en\/wp-content\/uploads\/2022\/05\/kabatas2.jpg 1000w, https:\/\/www.maviyikim.com.tr\/en\/wp-content\/uploads\/2022\/05\/kabatas2-300x205.jpg 300w, https:\/\/www.maviyikim.com.tr\/en\/wp-content\/uploads\/2022\/05\/kabatas2-768x524.jpg 768w\" sizes=\"auto, (max-width: 1000px) 100vw, 1000px\" \/><\/a><\/figure>\n\n\n\n<figure class=\"wp-block-image size-large\"><a href=\"https:\/\/www.maviyikim.com.tr\/wp-content\/uploads\/2022\/05\/kabatas3.jpg\"><img loading=\"lazy\" decoding=\"async\" width=\"1000\" height=\"682\" data-id=\"11121\" src=\"https:\/\/www.maviyikim.com.tr\/wp-content\/uploads\/2022\/05\/kabatas3.jpg\" alt=\"\" class=\"wp-image-11121\" srcset=\"https:\/\/www.maviyikim.com.tr\/en\/wp-content\/uploads\/2022\/05\/kabatas3.jpg 1000w, https:\/\/www.maviyikim.com.tr\/en\/wp-content\/uploads\/2022\/05\/kabatas3-300x205.jpg 300w, https:\/\/www.maviyikim.com.tr\/en\/wp-content\/uploads\/2022\/05\/kabatas3-768x524.jpg 768w\" sizes=\"auto, (max-width: 1000px) 100vw, 1000px\" \/><\/a><\/figure>\n\n\n\n<figure class=\"wp-block-image size-large\"><a href=\"https:\/\/www.maviyikim.com.tr\/wp-content\/uploads\/2022\/05\/kabatas4.jpg\"><img loading=\"lazy\" decoding=\"async\" width=\"1000\" height=\"682\" data-id=\"11122\" src=\"https:\/\/www.maviyikim.com.tr\/wp-content\/uploads\/2022\/05\/kabatas4.jpg\" alt=\"\" class=\"wp-image-11122\" srcset=\"https:\/\/www.maviyikim.com.tr\/en\/wp-content\/uploads\/2022\/05\/kabatas4.jpg 1000w, https:\/\/www.maviyikim.com.tr\/en\/wp-content\/uploads\/2022\/05\/kabatas4-300x205.jpg 300w, https:\/\/www.maviyikim.com.tr\/en\/wp-content\/uploads\/2022\/05\/kabatas4-768x524.jpg 768w\" sizes=\"auto, (max-width: 1000px) 100vw, 1000px\" \/><\/a><\/figure>\n\n\n\n<figure class=\"wp-block-image size-large\"><a href=\"https:\/\/www.maviyikim.com.tr\/wp-content\/uploads\/2022\/05\/kabatas5.jpg\"><img loading=\"lazy\" decoding=\"async\" width=\"1000\" height=\"682\" data-id=\"11123\" src=\"https:\/\/www.maviyikim.com.tr\/wp-content\/uploads\/2022\/05\/kabatas5.jpg\" alt=\"\" class=\"wp-image-11123\" srcset=\"https:\/\/www.maviyikim.com.tr\/en\/wp-content\/uploads\/2022\/05\/kabatas5.jpg 1000w, https:\/\/www.maviyikim.com.tr\/en\/wp-content\/uploads\/2022\/05\/kabatas5-300x205.jpg 300w, https:\/\/www.maviyikim.com.tr\/en\/wp-content\/uploads\/2022\/05\/kabatas5-768x524.jpg 768w\" sizes=\"auto, (max-width: 1000px) 100vw, 1000px\" \/><\/a><\/figure>\n\n\n\n<figure class=\"wp-block-image size-large\"><a href=\"https:\/\/www.maviyikim.com.tr\/wp-content\/uploads\/2022\/05\/kabatas6.jpg\"><img loading=\"lazy\" decoding=\"async\" width=\"1000\" height=\"682\" data-id=\"11124\" src=\"https:\/\/www.maviyikim.com.tr\/wp-content\/uploads\/2022\/05\/kabatas6.jpg\" alt=\"\" class=\"wp-image-11124\" srcset=\"https:\/\/www.maviyikim.com.tr\/en\/wp-content\/uploads\/2022\/05\/kabatas6.jpg 1000w, https:\/\/www.maviyikim.com.tr\/en\/wp-content\/uploads\/2022\/05\/kabatas6-300x205.jpg 300w, https:\/\/www.maviyikim.com.tr\/en\/wp-content\/uploads\/2022\/05\/kabatas6-768x524.jpg 768w\" sizes=\"auto, (max-width: 1000px) 100vw, 1000px\" \/><\/a><\/figure>\n\n\n\n<figure class=\"wp-block-image size-large\"><a href=\"https:\/\/www.maviyikim.com.tr\/wp-content\/uploads\/2022\/05\/kabatas7.jpg\"><img loading=\"lazy\" decoding=\"async\" width=\"1000\" height=\"682\" data-id=\"11125\" src=\"https:\/\/www.maviyikim.com.tr\/wp-content\/uploads\/2022\/05\/kabatas7.jpg\" alt=\"\" class=\"wp-image-11125\" srcset=\"https:\/\/www.maviyikim.com.tr\/en\/wp-content\/uploads\/2022\/05\/kabatas7.jpg 1000w, https:\/\/www.maviyikim.com.tr\/en\/wp-content\/uploads\/2022\/05\/kabatas7-300x205.jpg 300w, https:\/\/www.maviyikim.com.tr\/en\/wp-content\/uploads\/2022\/05\/kabatas7-768x524.jpg 768w\" sizes=\"auto, (max-width: 1000px) 100vw, 1000px\" \/><\/a><\/figure>\n\n\n\n<figure class=\"wp-block-image size-large\"><a href=\"https:\/\/www.maviyikim.com.tr\/wp-content\/uploads\/2022\/05\/kabatas8.jpg\"><img loading=\"lazy\" decoding=\"async\" width=\"1000\" height=\"682\" data-id=\"11126\" src=\"https:\/\/www.maviyikim.com.tr\/wp-content\/uploads\/2022\/05\/kabatas8.jpg\" alt=\"\" class=\"wp-image-11126\" srcset=\"https:\/\/www.maviyikim.com.tr\/en\/wp-content\/uploads\/2022\/05\/kabatas8.jpg 1000w, https:\/\/www.maviyikim.com.tr\/en\/wp-content\/uploads\/2022\/05\/kabatas8-300x205.jpg 300w, https:\/\/www.maviyikim.com.tr\/en\/wp-content\/uploads\/2022\/05\/kabatas8-768x524.jpg 768w\" sizes=\"auto, (max-width: 1000px) 100vw, 1000px\" \/><\/a><\/figure>\n\n\n\n<figure class=\"wp-block-image size-large\"><a href=\"https:\/\/www.maviyikim.com.tr\/wp-content\/uploads\/2022\/05\/kabatas9.jpg\"><img loading=\"lazy\" decoding=\"async\" width=\"1000\" height=\"682\" data-id=\"11127\" src=\"https:\/\/www.maviyikim.com.tr\/wp-content\/uploads\/2022\/05\/kabatas9.jpg\" alt=\"\" class=\"wp-image-11127\" srcset=\"https:\/\/www.maviyikim.com.tr\/en\/wp-content\/uploads\/2022\/05\/kabatas9.jpg 1000w, https:\/\/www.maviyikim.com.tr\/en\/wp-content\/uploads\/2022\/05\/kabatas9-300x205.jpg 300w, https:\/\/www.maviyikim.com.tr\/en\/wp-content\/uploads\/2022\/05\/kabatas9-768x524.jpg 768w\" sizes=\"auto, (max-width: 1000px) 100vw, 1000px\" \/><\/a><\/figure>\n\n\n\n<figure class=\"wp-block-image size-large\"><a href=\"https:\/\/www.maviyikim.com.tr\/wp-content\/uploads\/2022\/05\/kabatas10.jpg\"><img loading=\"lazy\" decoding=\"async\" width=\"1000\" height=\"682\" data-id=\"11128\" src=\"https:\/\/www.maviyikim.com.tr\/wp-content\/uploads\/2022\/05\/kabatas10.jpg\" alt=\"\" class=\"wp-image-11128\" srcset=\"https:\/\/www.maviyikim.com.tr\/en\/wp-content\/uploads\/2022\/05\/kabatas10.jpg 1000w, https:\/\/www.maviyikim.com.tr\/en\/wp-content\/uploads\/2022\/05\/kabatas10-300x205.jpg 300w, https:\/\/www.maviyikim.com.tr\/en\/wp-content\/uploads\/2022\/05\/kabatas10-768x524.jpg 768w\" sizes=\"auto, (max-width: 1000px) 100vw, 1000px\" \/><\/a><\/figure>\n\n\n\n<figure class=\"wp-block-image size-large\"><a href=\"https:\/\/www.maviyikim.com.tr\/wp-content\/uploads\/2022\/05\/kabatas11.jpg\"><img loading=\"lazy\" decoding=\"async\" width=\"1000\" height=\"682\" data-id=\"11129\" src=\"https:\/\/www.maviyikim.com.tr\/wp-content\/uploads\/2022\/05\/kabatas11.jpg\" alt=\"\" class=\"wp-image-11129\" srcset=\"https:\/\/www.maviyikim.com.tr\/en\/wp-content\/uploads\/2022\/05\/kabatas11.jpg 1000w, https:\/\/www.maviyikim.com.tr\/en\/wp-content\/uploads\/2022\/05\/kabatas11-300x205.jpg 300w, https:\/\/www.maviyikim.com.tr\/en\/wp-content\/uploads\/2022\/05\/kabatas11-768x524.jpg 768w\" sizes=\"auto, (max-width: 1000px) 100vw, 1000px\" \/><\/a><\/figure>\n\n\n\n<figure class=\"wp-block-image size-large\"><a href=\"https:\/\/www.maviyikim.com.tr\/wp-content\/uploads\/2022\/05\/kabatas12.jpg\"><img loading=\"lazy\" decoding=\"async\" width=\"1000\" height=\"682\" data-id=\"11130\" src=\"https:\/\/www.maviyikim.com.tr\/wp-content\/uploads\/2022\/05\/kabatas12.jpg\" alt=\"\" class=\"wp-image-11130\" srcset=\"https:\/\/www.maviyikim.com.tr\/en\/wp-content\/uploads\/2022\/05\/kabatas12.jpg 1000w, https:\/\/www.maviyikim.com.tr\/en\/wp-content\/uploads\/2022\/05\/kabatas12-300x205.jpg 300w, https:\/\/www.maviyikim.com.tr\/en\/wp-content\/uploads\/2022\/05\/kabatas12-768x524.jpg 768w\" sizes=\"auto, (max-width: 1000px) 100vw, 1000px\" \/><\/a><\/figure>\n<\/figure>\n","protected":false},"excerpt":{"rendered":"<p>Within the scope of the demolition project approved by the Istanbul Governorship Kabata\u015f High School Protection Board; Separation of the new building from the historical building, demolition of the new building and removal of the rubble, Project was carried out by our company. Within the scope of the project, our demolition team separated the historical [&hellip;]<\/p>\n","protected":false},"author":1,"featured_media":0,"parent":0,"menu_order":0,"comment_status":"closed","ping_status":"closed","template":"","meta":{"footnotes":""},"class_list":["post-11017","page","type-page","status-publish","hentry"],"aioseo_notices":[],"_links":{"self":[{"href":"https:\/\/www.maviyikim.com.tr\/en\/wp-json\/wp\/v2\/pages\/11017","targetHints":{"allow":["GET"]}}],"collection":[{"href":"https:\/\/www.maviyikim.com.tr\/en\/wp-json\/wp\/v2\/pages"}],"about":[{"href":"https:\/\/www.maviyikim.com.tr\/en\/wp-json\/wp\/v2\/types\/page"}],"author":[{"embeddable":true,"href":"https:\/\/www.maviyikim.com.tr\/en\/wp-json\/wp\/v2\/users\/1"}],"replies":[{"embeddable":true,"href":"https:\/\/www.maviyikim.com.tr\/en\/wp-json\/wp\/v2\/comments?post=11017"}],"version-history":[{"count":12,"href":"https:\/\/www.maviyikim.com.tr\/en\/wp-json\/wp\/v2\/pages\/11017\/revisions"}],"predecessor-version":[{"id":11389,"href":"https:\/\/www.maviyikim.com.tr\/en\/wp-json\/wp\/v2\/pages\/11017\/revisions\/11389"}],"wp:attachment":[{"href":"https:\/\/www.maviyikim.com.tr\/en\/wp-json\/wp\/v2\/media?parent=11017"}],"curies":[{"name":"wp","href":"https:\/\/api.w.org\/{rel}","templated":true}]}}