{"id":11025,"date":"2022-05-07T16:48:08","date_gmt":"2022-05-07T13:48:08","guid":{"rendered":"https:\/\/www.maviyikim.com.tr\/?page_id=11025"},"modified":"2022-06-07T18:00:18","modified_gmt":"2022-06-07T15:00:18","slug":"end-of-service-factory-demolition","status":"publish","type":"page","link":"https:\/\/www.maviyikim.com.tr\/en\/end-of-service-factory-demolition\/","title":{"rendered":"End of Service Factory Demolition"},"content":{"rendered":"\n<div class=\"wp-block-safirtema-mainheading mainHeading\"><div class=\"inner\"><div class=\"icon safiricon\"><svg class=\"safiricon-icon40\"><use href=\"#safiricon-icon40\"><\/use><\/svg><\/div><div class=\"text\">About Factory Demolition<\/div><\/div><\/div>\n\n\n\n<p>It is the demolition project of the company operating around the world, in Ordu, which has completed its life.<\/p>\n\n\n\n<p>After the dismantling of the factory, silos and additional structures in the facility, it was demolished and the rubble was removed.<\/p>\n\n\n\n<p>In the destruction in question; Many construction machines such as demolition machine, Excavator, Polim, Cranes and Forklifts were used at the same time.<\/p>\n\n\n\n<p><strong>This Project; It was completed in 42 days without disrupting the general operation of the facility.<\/strong><\/p>\n\n\n<div class=\"wp-block-image\">\n<figure class=\"aligncenter size-full\"><img loading=\"lazy\" decoding=\"async\" width=\"1024\" height=\"435\" src=\"https:\/\/www.maviyikim.com.tr\/wp-content\/uploads\/2022\/05\/Ordu-Fabrika-Yikim.jpg\" alt=\"\" class=\"wp-image-11099\" srcset=\"https:\/\/www.maviyikim.com.tr\/en\/wp-content\/uploads\/2022\/05\/Ordu-Fabrika-Yikim.jpg 1024w, https:\/\/www.maviyikim.com.tr\/en\/wp-content\/uploads\/2022\/05\/Ordu-Fabrika-Yikim-300x127.jpg 300w, https:\/\/www.maviyikim.com.tr\/en\/wp-content\/uploads\/2022\/05\/Ordu-Fabrika-Yikim-768x326.jpg 768w\" sizes=\"auto, (max-width: 1024px) 100vw, 1024px\" \/><\/figure>\n<\/div>\n\n\n<hr class=\"wp-block-separator has-css-opacity\"\/>\n\n\n\n<div class=\"wp-block-safirtema-mainheading mainHeading\"><div class=\"inner\"><div class=\"icon safiricon\"><svg class=\"safiricon-icon40\"><use href=\"#safiricon-icon40\"><\/use><\/svg><\/div><div class=\"text\">Project Videos<\/div><\/div><\/div>\n\n\n\n<div class=\"wp-block-columns is-layout-flex wp-container-core-columns-is-layout-9d6595d7 wp-block-columns-is-layout-flex\">\n<div class=\"wp-block-column is-layout-flow wp-block-column-is-layout-flow\">\n<figure class=\"wp-block-embed is-type-video is-provider-youtube wp-block-embed-youtube wp-embed-aspect-16-9 wp-has-aspect-ratio\"><div class=\"wp-block-embed__wrapper\">\n<iframe loading=\"lazy\" title=\"End\u00fcstriyel Y\u0131k\u0131m ve S\u00f6k\u00fcm\" width=\"780\" height=\"439\" src=\"https:\/\/www.youtube.com\/embed\/jJR6UxRWBT8?feature=oembed\" frameborder=\"0\" allow=\"accelerometer; autoplay; clipboard-write; encrypted-media; gyroscope; picture-in-picture\" allowfullscreen><\/iframe>\n<\/div><\/figure>\n<\/div>\n\n\n\n<div class=\"wp-block-column is-layout-flow wp-block-column-is-layout-flow\">\n<figure class=\"wp-block-embed is-type-video is-provider-youtube wp-block-embed-youtube wp-embed-aspect-16-9 wp-has-aspect-ratio\"><div class=\"wp-block-embed__wrapper\">\n<iframe loading=\"lazy\" title=\"D\u00fcnyanin en iyi y\u0131k\u0131m sekt\u00f6r\u00fc yay\u0131nc\u0131s\u0131 firmam\u0131zdan bahsetti\" width=\"780\" height=\"439\" src=\"https:\/\/www.youtube.com\/embed\/9c6rjVQLLio?feature=oembed\" frameborder=\"0\" allow=\"accelerometer; autoplay; clipboard-write; encrypted-media; gyroscope; picture-in-picture\" allowfullscreen><\/iframe>\n<\/div><\/figure>\n<\/div>\n\n\n\n<div class=\"wp-block-column is-layout-flow wp-block-column-is-layout-flow\">\n<figure class=\"wp-block-embed is-type-video is-provider-youtube wp-block-embed-youtube wp-embed-aspect-16-9 wp-has-aspect-ratio\"><div class=\"wp-block-embed__wrapper\">\n<iframe loading=\"lazy\" title=\"Profesyonel Y\u0131k\u0131m - Mavi Y\u0131k\u0131m\" width=\"780\" height=\"439\" src=\"https:\/\/www.youtube.com\/embed\/my6LvwsTGOg?feature=oembed\" frameborder=\"0\" allow=\"accelerometer; autoplay; clipboard-write; encrypted-media; gyroscope; picture-in-picture\" allowfullscreen><\/iframe>\n<\/div><\/figure>\n<\/div>\n<\/div>\n\n\n\n<div class=\"wp-block-safirtema-mainheading mainHeading\"><div class=\"inner\"><div class=\"icon safiricon\"><svg class=\"safiricon-icon53\"><use href=\"#safiricon-icon53\"><\/use><\/svg><\/div><div class=\"text\">Project Photos<\/div><\/div><\/div>\n\n\n\n<figure class=\"wp-block-gallery has-nested-images columns-6 is-cropped wp-block-gallery-1 is-layout-flex wp-block-gallery-is-layout-flex\">\n<figure class=\"wp-block-image size-large\"><a href=\"https:\/\/www.maviyikim.com.tr\/wp-content\/uploads\/2022\/01\/34.jpg\"><img loading=\"lazy\" decoding=\"async\" width=\"1000\" height=\"682\" data-id=\"10959\" src=\"https:\/\/www.maviyikim.com.tr\/wp-content\/uploads\/2022\/01\/34.jpg\" alt=\"\" class=\"wp-image-10959\" srcset=\"https:\/\/www.maviyikim.com.tr\/en\/wp-content\/uploads\/2022\/01\/34.jpg 1000w, https:\/\/www.maviyikim.com.tr\/en\/wp-content\/uploads\/2022\/01\/34-300x205.jpg 300w, https:\/\/www.maviyikim.com.tr\/en\/wp-content\/uploads\/2022\/01\/34-768x524.jpg 768w\" sizes=\"auto, (max-width: 1000px) 100vw, 1000px\" \/><\/a><\/figure>\n\n\n\n<figure class=\"wp-block-image size-large\"><a href=\"https:\/\/www.maviyikim.com.tr\/wp-content\/uploads\/2022\/01\/33.jpg\"><img loading=\"lazy\" decoding=\"async\" width=\"1000\" height=\"682\" data-id=\"10960\" src=\"https:\/\/www.maviyikim.com.tr\/wp-content\/uploads\/2022\/01\/33.jpg\" alt=\"\" class=\"wp-image-10960\" srcset=\"https:\/\/www.maviyikim.com.tr\/en\/wp-content\/uploads\/2022\/01\/33.jpg 1000w, https:\/\/www.maviyikim.com.tr\/en\/wp-content\/uploads\/2022\/01\/33-300x205.jpg 300w, https:\/\/www.maviyikim.com.tr\/en\/wp-content\/uploads\/2022\/01\/33-768x524.jpg 768w\" sizes=\"auto, (max-width: 1000px) 100vw, 1000px\" \/><\/a><\/figure>\n\n\n\n<figure class=\"wp-block-image size-large\"><a href=\"https:\/\/www.maviyikim.com.tr\/wp-content\/uploads\/2022\/01\/27.jpg\"><img loading=\"lazy\" decoding=\"async\" width=\"1000\" height=\"682\" data-id=\"10966\" src=\"https:\/\/www.maviyikim.com.tr\/wp-content\/uploads\/2022\/01\/27.jpg\" alt=\"\" class=\"wp-image-10966\" srcset=\"https:\/\/www.maviyikim.com.tr\/en\/wp-content\/uploads\/2022\/01\/27.jpg 1000w, https:\/\/www.maviyikim.com.tr\/en\/wp-content\/uploads\/2022\/01\/27-300x205.jpg 300w, https:\/\/www.maviyikim.com.tr\/en\/wp-content\/uploads\/2022\/01\/27-768x524.jpg 768w\" sizes=\"auto, (max-width: 1000px) 100vw, 1000px\" \/><\/a><\/figure>\n\n\n\n<figure class=\"wp-block-image size-large\"><a href=\"https:\/\/www.maviyikim.com.tr\/wp-content\/uploads\/2022\/01\/36.jpg\"><img loading=\"lazy\" decoding=\"async\" width=\"1000\" height=\"682\" data-id=\"10957\" src=\"https:\/\/www.maviyikim.com.tr\/wp-content\/uploads\/2022\/01\/36.jpg\" alt=\"\" class=\"wp-image-10957\" srcset=\"https:\/\/www.maviyikim.com.tr\/en\/wp-content\/uploads\/2022\/01\/36.jpg 1000w, https:\/\/www.maviyikim.com.tr\/en\/wp-content\/uploads\/2022\/01\/36-300x205.jpg 300w, https:\/\/www.maviyikim.com.tr\/en\/wp-content\/uploads\/2022\/01\/36-768x524.jpg 768w\" sizes=\"auto, (max-width: 1000px) 100vw, 1000px\" \/><\/a><\/figure>\n\n\n\n<figure class=\"wp-block-image size-large\"><a href=\"https:\/\/www.maviyikim.com.tr\/wp-content\/uploads\/2022\/01\/21.jpg\"><img loading=\"lazy\" decoding=\"async\" width=\"1000\" height=\"682\" data-id=\"10972\" src=\"https:\/\/www.maviyikim.com.tr\/wp-content\/uploads\/2022\/01\/21.jpg\" alt=\"\" class=\"wp-image-10972\" srcset=\"https:\/\/www.maviyikim.com.tr\/en\/wp-content\/uploads\/2022\/01\/21.jpg 1000w, https:\/\/www.maviyikim.com.tr\/en\/wp-content\/uploads\/2022\/01\/21-300x205.jpg 300w, https:\/\/www.maviyikim.com.tr\/en\/wp-content\/uploads\/2022\/01\/21-768x524.jpg 768w\" sizes=\"auto, (max-width: 1000px) 100vw, 1000px\" \/><\/a><\/figure>\n\n\n\n<figure class=\"wp-block-image size-large\"><a href=\"https:\/\/www.maviyikim.com.tr\/wp-content\/uploads\/2022\/01\/41.jpg\"><img loading=\"lazy\" decoding=\"async\" width=\"1000\" height=\"682\" data-id=\"10952\" src=\"https:\/\/www.maviyikim.com.tr\/wp-content\/uploads\/2022\/01\/41.jpg\" alt=\"\" class=\"wp-image-10952\" srcset=\"https:\/\/www.maviyikim.com.tr\/en\/wp-content\/uploads\/2022\/01\/41.jpg 1000w, https:\/\/www.maviyikim.com.tr\/en\/wp-content\/uploads\/2022\/01\/41-300x205.jpg 300w, https:\/\/www.maviyikim.com.tr\/en\/wp-content\/uploads\/2022\/01\/41-768x524.jpg 768w\" sizes=\"auto, (max-width: 1000px) 100vw, 1000px\" \/><\/a><\/figure>\n\n\n\n<figure class=\"wp-block-image size-large\"><a href=\"https:\/\/www.maviyikim.com.tr\/wp-content\/uploads\/2021\/11\/11.jpg\"><img loading=\"lazy\" decoding=\"async\" width=\"1000\" height=\"682\" data-id=\"10884\" src=\"https:\/\/www.maviyikim.com.tr\/wp-content\/uploads\/2021\/11\/11.jpg\" alt=\"\" class=\"wp-image-10884\" srcset=\"https:\/\/www.maviyikim.com.tr\/en\/wp-content\/uploads\/2021\/11\/11.jpg 1000w, https:\/\/www.maviyikim.com.tr\/en\/wp-content\/uploads\/2021\/11\/11-300x205.jpg 300w, https:\/\/www.maviyikim.com.tr\/en\/wp-content\/uploads\/2021\/11\/11-768x524.jpg 768w\" sizes=\"auto, (max-width: 1000px) 100vw, 1000px\" \/><\/a><\/figure>\n\n\n\n<figure class=\"wp-block-image size-large\"><a href=\"https:\/\/www.maviyikim.com.tr\/wp-content\/uploads\/2021\/11\/14.jpg\"><img loading=\"lazy\" decoding=\"async\" width=\"1000\" height=\"682\" data-id=\"10881\" src=\"https:\/\/www.maviyikim.com.tr\/wp-content\/uploads\/2021\/11\/14.jpg\" alt=\"\" class=\"wp-image-10881\" srcset=\"https:\/\/www.maviyikim.com.tr\/en\/wp-content\/uploads\/2021\/11\/14.jpg 1000w, https:\/\/www.maviyikim.com.tr\/en\/wp-content\/uploads\/2021\/11\/14-300x205.jpg 300w, https:\/\/www.maviyikim.com.tr\/en\/wp-content\/uploads\/2021\/11\/14-768x524.jpg 768w\" sizes=\"auto, (max-width: 1000px) 100vw, 1000px\" \/><\/a><\/figure>\n\n\n\n<figure class=\"wp-block-image size-large\"><a href=\"https:\/\/www.maviyikim.com.tr\/wp-content\/uploads\/2021\/10\/tehlikesiz.jpg\"><img loading=\"lazy\" decoding=\"async\" width=\"1000\" height=\"563\" data-id=\"10768\" src=\"https:\/\/www.maviyikim.com.tr\/wp-content\/uploads\/2021\/10\/tehlikesiz.jpg\" alt=\"Mavi Y\u0131k\u0131m, \u0130stanbul Y\u0131k\u0131m, Y\u0131k\u0131m, Fabrika Y\u0131k\u0131m, Tesis Y\u0131k\u0131m, \u0130zmir Y\u0131k\u0131m, demolition, Profesyonel y\u0131k\u0131m, y\u0131k\u0131m plan\u0131\" class=\"wp-image-10768\" srcset=\"https:\/\/www.maviyikim.com.tr\/en\/wp-content\/uploads\/2021\/10\/tehlikesiz.jpg 1000w, https:\/\/www.maviyikim.com.tr\/en\/wp-content\/uploads\/2021\/10\/tehlikesiz-300x169.jpg 300w, https:\/\/www.maviyikim.com.tr\/en\/wp-content\/uploads\/2021\/10\/tehlikesiz-768x432.jpg 768w\" sizes=\"auto, (max-width: 1000px) 100vw, 1000px\" \/><\/a><\/figure>\n\n\n\n<figure class=\"wp-block-image size-large\"><a href=\"https:\/\/www.maviyikim.com.tr\/wp-content\/uploads\/2021\/11\/18.jpg\"><img loading=\"lazy\" decoding=\"async\" width=\"1000\" height=\"682\" data-id=\"10877\" src=\"https:\/\/www.maviyikim.com.tr\/wp-content\/uploads\/2021\/11\/18.jpg\" alt=\"\" class=\"wp-image-10877\" srcset=\"https:\/\/www.maviyikim.com.tr\/en\/wp-content\/uploads\/2021\/11\/18.jpg 1000w, https:\/\/www.maviyikim.com.tr\/en\/wp-content\/uploads\/2021\/11\/18-300x205.jpg 300w, https:\/\/www.maviyikim.com.tr\/en\/wp-content\/uploads\/2021\/11\/18-768x524.jpg 768w\" sizes=\"auto, (max-width: 1000px) 100vw, 1000px\" \/><\/a><\/figure>\n\n\n\n<figure class=\"wp-block-image size-large\"><a href=\"https:\/\/www.maviyikim.com.tr\/wp-content\/uploads\/2021\/11\/43.jpg\"><img loading=\"lazy\" decoding=\"async\" width=\"1000\" height=\"682\" data-id=\"10852\" src=\"https:\/\/www.maviyikim.com.tr\/wp-content\/uploads\/2021\/11\/43.jpg\" alt=\"Mavi Y\u0131k\u0131m, \u0130stanbul Y\u0131k\u0131m, Y\u0131k\u0131m, Fabrika Y\u0131k\u0131m, Tesis Y\u0131k\u0131m, \u0130zmir Y\u0131k\u0131m, demolition, Profesyonel y\u0131k\u0131m, y\u0131k\u0131m plan\u0131, Restorasyon, \u0130tinal\u0131 Y\u0131k\u0131m, elle y\u0131k\u0131m\" class=\"wp-image-10852\" srcset=\"https:\/\/www.maviyikim.com.tr\/en\/wp-content\/uploads\/2021\/11\/43.jpg 1000w, https:\/\/www.maviyikim.com.tr\/en\/wp-content\/uploads\/2021\/11\/43-300x205.jpg 300w, https:\/\/www.maviyikim.com.tr\/en\/wp-content\/uploads\/2021\/11\/43-768x524.jpg 768w\" sizes=\"auto, (max-width: 1000px) 100vw, 1000px\" \/><\/a><\/figure>\n\n\n\n<figure class=\"wp-block-image size-large\"><a href=\"https:\/\/www.maviyikim.com.tr\/wp-content\/uploads\/2021\/11\/41.jpg\"><img loading=\"lazy\" decoding=\"async\" width=\"1000\" height=\"682\" data-id=\"10854\" src=\"https:\/\/www.maviyikim.com.tr\/wp-content\/uploads\/2021\/11\/41.jpg\" alt=\"Mavi Y\u0131k\u0131m, \u0130stanbul Y\u0131k\u0131m, Y\u0131k\u0131m, Fabrika Y\u0131k\u0131m, Tesis Y\u0131k\u0131m, \u0130zmir Y\u0131k\u0131m, demolition, Profesyonel y\u0131k\u0131m, y\u0131k\u0131m plan\u0131, Restorasyon, \u0130tinal\u0131 Y\u0131k\u0131m, elle y\u0131k\u0131m\" class=\"wp-image-10854\" srcset=\"https:\/\/www.maviyikim.com.tr\/en\/wp-content\/uploads\/2021\/11\/41.jpg 1000w, https:\/\/www.maviyikim.com.tr\/en\/wp-content\/uploads\/2021\/11\/41-300x205.jpg 300w, https:\/\/www.maviyikim.com.tr\/en\/wp-content\/uploads\/2021\/11\/41-768x524.jpg 768w\" sizes=\"auto, (max-width: 1000px) 100vw, 1000px\" \/><\/a><\/figure>\n\n\n\n<figure class=\"wp-block-image size-large\"><a href=\"https:\/\/www.maviyikim.com.tr\/wp-content\/uploads\/2021\/11\/42.jpg\"><img loading=\"lazy\" decoding=\"async\" width=\"1000\" height=\"682\" data-id=\"10853\" src=\"https:\/\/www.maviyikim.com.tr\/wp-content\/uploads\/2021\/11\/42.jpg\" alt=\"Mavi Y\u0131k\u0131m, \u0130stanbul Y\u0131k\u0131m, Y\u0131k\u0131m, Fabrika Y\u0131k\u0131m, Tesis Y\u0131k\u0131m, \u0130zmir Y\u0131k\u0131m, demolition, Profesyonel y\u0131k\u0131m, y\u0131k\u0131m plan\u0131, Restorasyon, \u0130tinal\u0131 Y\u0131k\u0131m, elle y\u0131k\u0131m\" class=\"wp-image-10853\" srcset=\"https:\/\/www.maviyikim.com.tr\/en\/wp-content\/uploads\/2021\/11\/42.jpg 1000w, https:\/\/www.maviyikim.com.tr\/en\/wp-content\/uploads\/2021\/11\/42-300x205.jpg 300w, https:\/\/www.maviyikim.com.tr\/en\/wp-content\/uploads\/2021\/11\/42-768x524.jpg 768w\" sizes=\"auto, (max-width: 1000px) 100vw, 1000px\" \/><\/a><\/figure>\n\n\n\n<figure class=\"wp-block-image size-large\"><a href=\"https:\/\/www.maviyikim.com.tr\/wp-content\/uploads\/2021\/11\/46.jpg\"><img loading=\"lazy\" decoding=\"async\" width=\"1000\" height=\"682\" data-id=\"10849\" src=\"https:\/\/www.maviyikim.com.tr\/wp-content\/uploads\/2021\/11\/46.jpg\" alt=\"Mavi Y\u0131k\u0131m, \u0130stanbul Y\u0131k\u0131m, Y\u0131k\u0131m, Fabrika Y\u0131k\u0131m, Tesis Y\u0131k\u0131m, \u0130zmir Y\u0131k\u0131m, demolition, Profesyonel y\u0131k\u0131m, y\u0131k\u0131m plan\u0131, Restorasyon, \u0130tinal\u0131 Y\u0131k\u0131m, elle y\u0131k\u0131m\" class=\"wp-image-10849\" srcset=\"https:\/\/www.maviyikim.com.tr\/en\/wp-content\/uploads\/2021\/11\/46.jpg 1000w, https:\/\/www.maviyikim.com.tr\/en\/wp-content\/uploads\/2021\/11\/46-300x205.jpg 300w, https:\/\/www.maviyikim.com.tr\/en\/wp-content\/uploads\/2021\/11\/46-768x524.jpg 768w\" sizes=\"auto, (max-width: 1000px) 100vw, 1000px\" \/><\/a><\/figure>\n\n\n\n<figure class=\"wp-block-image size-large\"><a href=\"https:\/\/www.maviyikim.com.tr\/wp-content\/uploads\/2021\/11\/45.jpg\"><img loading=\"lazy\" decoding=\"async\" width=\"1000\" height=\"682\" data-id=\"10850\" src=\"https:\/\/www.maviyikim.com.tr\/wp-content\/uploads\/2021\/11\/45.jpg\" alt=\"Mavi Y\u0131k\u0131m, \u0130stanbul Y\u0131k\u0131m, Y\u0131k\u0131m, Fabrika Y\u0131k\u0131m, Tesis Y\u0131k\u0131m, \u0130zmir Y\u0131k\u0131m, demolition, Profesyonel y\u0131k\u0131m, y\u0131k\u0131m plan\u0131, Restorasyon, \u0130tinal\u0131 Y\u0131k\u0131m, elle y\u0131k\u0131m\" class=\"wp-image-10850\" srcset=\"https:\/\/www.maviyikim.com.tr\/en\/wp-content\/uploads\/2021\/11\/45.jpg 1000w, https:\/\/www.maviyikim.com.tr\/en\/wp-content\/uploads\/2021\/11\/45-300x205.jpg 300w, https:\/\/www.maviyikim.com.tr\/en\/wp-content\/uploads\/2021\/11\/45-768x524.jpg 768w\" sizes=\"auto, (max-width: 1000px) 100vw, 1000px\" \/><\/a><\/figure>\n\n\n\n<figure class=\"wp-block-image size-large\"><a href=\"https:\/\/www.maviyikim.com.tr\/wp-content\/uploads\/2021\/10\/tehlikesiz2.jpg\"><img loading=\"lazy\" decoding=\"async\" width=\"1000\" height=\"563\" data-id=\"10770\" src=\"https:\/\/www.maviyikim.com.tr\/wp-content\/uploads\/2021\/10\/tehlikesiz2.jpg\" alt=\"Mavi Y\u0131k\u0131m, \u0130stanbul Y\u0131k\u0131m, Y\u0131k\u0131m, Fabrika Y\u0131k\u0131m, Tesis Y\u0131k\u0131m, \u0130zmir Y\u0131k\u0131m, demolition, Profesyonel y\u0131k\u0131m, y\u0131k\u0131m plan\u0131\" class=\"wp-image-10770\" srcset=\"https:\/\/www.maviyikim.com.tr\/en\/wp-content\/uploads\/2021\/10\/tehlikesiz2.jpg 1000w, https:\/\/www.maviyikim.com.tr\/en\/wp-content\/uploads\/2021\/10\/tehlikesiz2-300x169.jpg 300w, https:\/\/www.maviyikim.com.tr\/en\/wp-content\/uploads\/2021\/10\/tehlikesiz2-768x432.jpg 768w\" sizes=\"auto, (max-width: 1000px) 100vw, 1000px\" \/><\/a><\/figure>\n\n\n\n<figure class=\"wp-block-image size-large\"><a href=\"https:\/\/www.maviyikim.com.tr\/wp-content\/uploads\/2021\/10\/tehlikesiz3.jpg\"><img loading=\"lazy\" decoding=\"async\" width=\"1000\" height=\"563\" data-id=\"10769\" src=\"https:\/\/www.maviyikim.com.tr\/wp-content\/uploads\/2021\/10\/tehlikesiz3.jpg\" alt=\"Mavi Y\u0131k\u0131m, \u0130stanbul Y\u0131k\u0131m, Y\u0131k\u0131m, Fabrika Y\u0131k\u0131m, Tesis Y\u0131k\u0131m, \u0130zmir Y\u0131k\u0131m, demolition, Profesyonel y\u0131k\u0131m, y\u0131k\u0131m plan\u0131\" class=\"wp-image-10769\" srcset=\"https:\/\/www.maviyikim.com.tr\/en\/wp-content\/uploads\/2021\/10\/tehlikesiz3.jpg 1000w, https:\/\/www.maviyikim.com.tr\/en\/wp-content\/uploads\/2021\/10\/tehlikesiz3-300x169.jpg 300w, https:\/\/www.maviyikim.com.tr\/en\/wp-content\/uploads\/2021\/10\/tehlikesiz3-768x432.jpg 768w\" sizes=\"auto, (max-width: 1000px) 100vw, 1000px\" \/><\/a><\/figure>\n\n\n\n<figure class=\"wp-block-image size-large\"><a href=\"https:\/\/www.maviyikim.com.tr\/wp-content\/uploads\/2021\/09\/Tehlikesiz-atik.jpg\"><img loading=\"lazy\" decoding=\"async\" width=\"1000\" height=\"563\" data-id=\"10333\" src=\"https:\/\/www.maviyikim.com.tr\/wp-content\/uploads\/2021\/09\/Tehlikesiz-atik.jpg\" alt=\"\" class=\"wp-image-10333\" srcset=\"https:\/\/www.maviyikim.com.tr\/en\/wp-content\/uploads\/2021\/09\/Tehlikesiz-atik.jpg 1000w, https:\/\/www.maviyikim.com.tr\/en\/wp-content\/uploads\/2021\/09\/Tehlikesiz-atik-300x169.jpg 300w, https:\/\/www.maviyikim.com.tr\/en\/wp-content\/uploads\/2021\/09\/Tehlikesiz-atik-768x432.jpg 768w\" sizes=\"auto, (max-width: 1000px) 100vw, 1000px\" \/><\/a><\/figure>\n<\/figure>\n","protected":false},"excerpt":{"rendered":"<p>It is the demolition project of the company operating around the world, in Ordu, which has completed its life. After the dismantling of the factory, silos and additional structures in the facility, it was demolished and the rubble was removed. In the destruction in question; Many construction machines such as demolition machine, Excavator, Polim, Cranes [&hellip;]<\/p>\n","protected":false},"author":1,"featured_media":0,"parent":0,"menu_order":0,"comment_status":"closed","ping_status":"closed","template":"","meta":{"footnotes":""},"class_list":["post-11025","page","type-page","status-publish","hentry"],"aioseo_notices":[],"_links":{"self":[{"href":"https:\/\/www.maviyikim.com.tr\/en\/wp-json\/wp\/v2\/pages\/11025","targetHints":{"allow":["GET"]}}],"collection":[{"href":"https:\/\/www.maviyikim.com.tr\/en\/wp-json\/wp\/v2\/pages"}],"about":[{"href":"https:\/\/www.maviyikim.com.tr\/en\/wp-json\/wp\/v2\/types\/page"}],"author":[{"embeddable":true,"href":"https:\/\/www.maviyikim.com.tr\/en\/wp-json\/wp\/v2\/users\/1"}],"replies":[{"embeddable":true,"href":"https:\/\/www.maviyikim.com.tr\/en\/wp-json\/wp\/v2\/comments?post=11025"}],"version-history":[{"count":6,"href":"https:\/\/www.maviyikim.com.tr\/en\/wp-json\/wp\/v2\/pages\/11025\/revisions"}],"predecessor-version":[{"id":11396,"href":"https:\/\/www.maviyikim.com.tr\/en\/wp-json\/wp\/v2\/pages\/11025\/revisions\/11396"}],"wp:attachment":[{"href":"https:\/\/www.maviyikim.com.tr\/en\/wp-json\/wp\/v2\/media?parent=11025"}],"curies":[{"name":"wp","href":"https:\/\/api.w.org\/{rel}","templated":true}]}}