{"id":11027,"date":"2022-05-07T16:50:29","date_gmt":"2022-05-07T13:50:29","guid":{"rendered":"https:\/\/www.maviyikim.com.tr\/?page_id=11027"},"modified":"2022-06-07T17:54:41","modified_gmt":"2022-06-07T14:54:41","slug":"demolition-with-coring-in-active-factory","status":"publish","type":"page","link":"https:\/\/www.maviyikim.com.tr\/en\/demolition-with-coring-in-active-factory\/","title":{"rendered":"Demolition with Coring in Active Factory"},"content":{"rendered":"\n<div class=\"wp-block-safirtema-mainheading mainHeading\"><div class=\"inner\"><div class=\"icon safiricon\"><svg class=\"safiricon-icon40\"><use href=\"#safiricon-icon40\"><\/use><\/svg><\/div><div class=\"text\">About Active Factory Demolition<\/div><\/div><\/div>\n\n\n\n<p>It is the demolition project of the 26-meter straw tower in the middle of the factory in Marmara Ka\u011f\u0131t Bilecik Facilities, which works 24 hours with more than 1500 personnel.<\/p>\n\n\n\n<p>In order to demolish the building, which has completed its service life and poses a risk to the facility, the &#8220;cut-down demolition&#8221; method was used. Cutting was carried out with coring and small hand tools.<\/p>\n\n\n\n<p>The pieces cut from the building were lowered with the help of a heavy tonnage crane and transported in pieces.<\/p>\n\n\n\n<p><strong>This Project; It was carried out without stopping the factory activities and in compliance with the OHS rules.<\/strong><\/p>\n\n\n<div class=\"wp-block-image\">\n<figure class=\"aligncenter size-full\"><img loading=\"lazy\" decoding=\"async\" width=\"1024\" height=\"435\" src=\"https:\/\/www.maviyikim.com.tr\/wp-content\/uploads\/2021\/09\/marmara-kagit.jpg\" alt=\"\" class=\"wp-image-419\" srcset=\"https:\/\/www.maviyikim.com.tr\/en\/wp-content\/uploads\/2021\/09\/marmara-kagit.jpg 1024w, https:\/\/www.maviyikim.com.tr\/en\/wp-content\/uploads\/2021\/09\/marmara-kagit-300x127.jpg 300w, https:\/\/www.maviyikim.com.tr\/en\/wp-content\/uploads\/2021\/09\/marmara-kagit-768x326.jpg 768w\" sizes=\"auto, (max-width: 1024px) 100vw, 1024px\" \/><\/figure>\n<\/div>\n\n\n<hr class=\"wp-block-separator has-css-opacity\"\/>\n\n\n\n<div class=\"wp-block-safirtema-mainheading mainHeading\"><div class=\"inner\"><div class=\"icon safiricon\"><svg class=\"safiricon-icon40\"><use href=\"#safiricon-icon40\"><\/use><\/svg><\/div><div class=\"text\">Project Videos<\/div><\/div><\/div>\n\n\n\n<div class=\"wp-block-columns is-layout-flex wp-container-core-columns-is-layout-9d6595d7 wp-block-columns-is-layout-flex\">\n<div class=\"wp-block-column is-layout-flow wp-block-column-is-layout-flow\">\n<figure class=\"wp-block-embed is-type-video is-provider-youtube wp-block-embed-youtube wp-embed-aspect-16-9 wp-has-aspect-ratio\"><div class=\"wp-block-embed__wrapper\">\n<iframe loading=\"lazy\" title=\"Keserek Y\u0131k\u0131m - Mavi Y\u0131k\u0131m\" width=\"780\" height=\"439\" src=\"https:\/\/www.youtube.com\/embed\/MLMSIIJwIB8?feature=oembed\" frameborder=\"0\" allow=\"accelerometer; autoplay; clipboard-write; encrypted-media; gyroscope; picture-in-picture\" allowfullscreen><\/iframe>\n<\/div><\/figure>\n<\/div>\n\n\n\n<div class=\"wp-block-column is-layout-flow wp-block-column-is-layout-flow\"><\/div>\n\n\n\n<div class=\"wp-block-column is-layout-flow wp-block-column-is-layout-flow\"><\/div>\n<\/div>\n\n\n\n<div class=\"wp-block-safirtema-mainheading mainHeading\"><div class=\"inner\"><div class=\"icon safiricon\"><svg class=\"safiricon-icon53\"><use href=\"#safiricon-icon53\"><\/use><\/svg><\/div><div class=\"text\">Project Photos<\/div><\/div><\/div>\n\n\n\n<figure class=\"wp-block-gallery has-nested-images columns-6 is-cropped wp-block-gallery-1 is-layout-flex wp-block-gallery-is-layout-flex\">\n<figure class=\"wp-block-image size-large\"><a href=\"https:\/\/www.maviyikim.com.tr\/wp-content\/uploads\/2022\/01\/62.jpg\"><img loading=\"lazy\" decoding=\"async\" width=\"1000\" height=\"682\" data-id=\"10931\" src=\"https:\/\/www.maviyikim.com.tr\/wp-content\/uploads\/2022\/01\/62.jpg\" alt=\"\" class=\"wp-image-10931\" srcset=\"https:\/\/www.maviyikim.com.tr\/en\/wp-content\/uploads\/2022\/01\/62.jpg 1000w, https:\/\/www.maviyikim.com.tr\/en\/wp-content\/uploads\/2022\/01\/62-300x205.jpg 300w, https:\/\/www.maviyikim.com.tr\/en\/wp-content\/uploads\/2022\/01\/62-768x524.jpg 768w\" sizes=\"auto, (max-width: 1000px) 100vw, 1000px\" \/><\/a><\/figure>\n\n\n\n<figure class=\"wp-block-image size-large\"><a href=\"https:\/\/www.maviyikim.com.tr\/wp-content\/uploads\/2022\/01\/63.jpg\"><img loading=\"lazy\" decoding=\"async\" width=\"1000\" height=\"682\" data-id=\"10930\" src=\"https:\/\/www.maviyikim.com.tr\/wp-content\/uploads\/2022\/01\/63.jpg\" alt=\"\" class=\"wp-image-10930\" srcset=\"https:\/\/www.maviyikim.com.tr\/en\/wp-content\/uploads\/2022\/01\/63.jpg 1000w, https:\/\/www.maviyikim.com.tr\/en\/wp-content\/uploads\/2022\/01\/63-300x205.jpg 300w, https:\/\/www.maviyikim.com.tr\/en\/wp-content\/uploads\/2022\/01\/63-768x524.jpg 768w\" sizes=\"auto, (max-width: 1000px) 100vw, 1000px\" \/><\/a><\/figure>\n\n\n\n<figure class=\"wp-block-image size-large\"><a href=\"https:\/\/www.maviyikim.com.tr\/wp-content\/uploads\/2022\/01\/64.jpg\"><img loading=\"lazy\" decoding=\"async\" width=\"1000\" height=\"682\" data-id=\"10929\" src=\"https:\/\/www.maviyikim.com.tr\/wp-content\/uploads\/2022\/01\/64.jpg\" alt=\"\" class=\"wp-image-10929\" srcset=\"https:\/\/www.maviyikim.com.tr\/en\/wp-content\/uploads\/2022\/01\/64.jpg 1000w, https:\/\/www.maviyikim.com.tr\/en\/wp-content\/uploads\/2022\/01\/64-300x205.jpg 300w, https:\/\/www.maviyikim.com.tr\/en\/wp-content\/uploads\/2022\/01\/64-768x524.jpg 768w\" sizes=\"auto, (max-width: 1000px) 100vw, 1000px\" \/><\/a><\/figure>\n\n\n\n<figure class=\"wp-block-image size-large\"><a href=\"https:\/\/www.maviyikim.com.tr\/wp-content\/uploads\/2022\/01\/43.jpg\"><img loading=\"lazy\" decoding=\"async\" width=\"1000\" height=\"682\" data-id=\"10950\" src=\"https:\/\/www.maviyikim.com.tr\/wp-content\/uploads\/2022\/01\/43.jpg\" alt=\"\" class=\"wp-image-10950\" srcset=\"https:\/\/www.maviyikim.com.tr\/en\/wp-content\/uploads\/2022\/01\/43.jpg 1000w, https:\/\/www.maviyikim.com.tr\/en\/wp-content\/uploads\/2022\/01\/43-300x205.jpg 300w, https:\/\/www.maviyikim.com.tr\/en\/wp-content\/uploads\/2022\/01\/43-768x524.jpg 768w\" sizes=\"auto, (max-width: 1000px) 100vw, 1000px\" \/><\/a><\/figure>\n\n\n\n<figure class=\"wp-block-image size-large\"><a href=\"https:\/\/www.maviyikim.com.tr\/wp-content\/uploads\/2022\/01\/44.jpg\"><img loading=\"lazy\" decoding=\"async\" width=\"1000\" height=\"682\" data-id=\"10949\" src=\"https:\/\/www.maviyikim.com.tr\/wp-content\/uploads\/2022\/01\/44.jpg\" alt=\"\" class=\"wp-image-10949\" srcset=\"https:\/\/www.maviyikim.com.tr\/en\/wp-content\/uploads\/2022\/01\/44.jpg 1000w, https:\/\/www.maviyikim.com.tr\/en\/wp-content\/uploads\/2022\/01\/44-300x205.jpg 300w, https:\/\/www.maviyikim.com.tr\/en\/wp-content\/uploads\/2022\/01\/44-768x524.jpg 768w\" sizes=\"auto, (max-width: 1000px) 100vw, 1000px\" \/><\/a><\/figure>\n\n\n\n<figure class=\"wp-block-image size-large\"><a href=\"https:\/\/www.maviyikim.com.tr\/wp-content\/uploads\/2021\/11\/24.jpg\"><img loading=\"lazy\" decoding=\"async\" width=\"1000\" height=\"682\" data-id=\"10871\" src=\"https:\/\/www.maviyikim.com.tr\/wp-content\/uploads\/2021\/11\/24.jpg\" alt=\"\" class=\"wp-image-10871\" srcset=\"https:\/\/www.maviyikim.com.tr\/en\/wp-content\/uploads\/2021\/11\/24.jpg 1000w, https:\/\/www.maviyikim.com.tr\/en\/wp-content\/uploads\/2021\/11\/24-300x205.jpg 300w, https:\/\/www.maviyikim.com.tr\/en\/wp-content\/uploads\/2021\/11\/24-768x524.jpg 768w\" sizes=\"auto, (max-width: 1000px) 100vw, 1000px\" \/><\/a><\/figure>\n\n\n\n<figure class=\"wp-block-image size-large\"><a href=\"https:\/\/www.maviyikim.com.tr\/wp-content\/uploads\/2021\/11\/21.jpg\"><img loading=\"lazy\" decoding=\"async\" width=\"1000\" height=\"682\" data-id=\"10874\" src=\"https:\/\/www.maviyikim.com.tr\/wp-content\/uploads\/2021\/11\/21.jpg\" alt=\"\" class=\"wp-image-10874\" srcset=\"https:\/\/www.maviyikim.com.tr\/en\/wp-content\/uploads\/2021\/11\/21.jpg 1000w, https:\/\/www.maviyikim.com.tr\/en\/wp-content\/uploads\/2021\/11\/21-300x205.jpg 300w, https:\/\/www.maviyikim.com.tr\/en\/wp-content\/uploads\/2021\/11\/21-768x524.jpg 768w\" sizes=\"auto, (max-width: 1000px) 100vw, 1000px\" \/><\/a><\/figure>\n\n\n\n<figure class=\"wp-block-image size-large\"><a href=\"https:\/\/www.maviyikim.com.tr\/wp-content\/uploads\/2021\/11\/20.jpg\"><img loading=\"lazy\" decoding=\"async\" width=\"1000\" height=\"682\" data-id=\"10875\" src=\"https:\/\/www.maviyikim.com.tr\/wp-content\/uploads\/2021\/11\/20.jpg\" alt=\"\" class=\"wp-image-10875\" srcset=\"https:\/\/www.maviyikim.com.tr\/en\/wp-content\/uploads\/2021\/11\/20.jpg 1000w, https:\/\/www.maviyikim.com.tr\/en\/wp-content\/uploads\/2021\/11\/20-300x205.jpg 300w, https:\/\/www.maviyikim.com.tr\/en\/wp-content\/uploads\/2021\/11\/20-768x524.jpg 768w\" sizes=\"auto, (max-width: 1000px) 100vw, 1000px\" \/><\/a><\/figure>\n\n\n\n<figure class=\"wp-block-image size-large\"><a href=\"https:\/\/www.maviyikim.com.tr\/wp-content\/uploads\/2021\/11\/26.jpg\"><img loading=\"lazy\" decoding=\"async\" width=\"1000\" height=\"682\" data-id=\"10869\" src=\"https:\/\/www.maviyikim.com.tr\/wp-content\/uploads\/2021\/11\/26.jpg\" alt=\"\" class=\"wp-image-10869\" srcset=\"https:\/\/www.maviyikim.com.tr\/en\/wp-content\/uploads\/2021\/11\/26.jpg 1000w, https:\/\/www.maviyikim.com.tr\/en\/wp-content\/uploads\/2021\/11\/26-300x205.jpg 300w, https:\/\/www.maviyikim.com.tr\/en\/wp-content\/uploads\/2021\/11\/26-768x524.jpg 768w\" sizes=\"auto, (max-width: 1000px) 100vw, 1000px\" \/><\/a><\/figure>\n\n\n\n<figure class=\"wp-block-image size-large\"><a href=\"https:\/\/www.maviyikim.com.tr\/wp-content\/uploads\/2021\/11\/25.jpg\"><img loading=\"lazy\" decoding=\"async\" width=\"1000\" height=\"682\" data-id=\"10870\" src=\"https:\/\/www.maviyikim.com.tr\/wp-content\/uploads\/2021\/11\/25.jpg\" alt=\"\" class=\"wp-image-10870\" srcset=\"https:\/\/www.maviyikim.com.tr\/en\/wp-content\/uploads\/2021\/11\/25.jpg 1000w, https:\/\/www.maviyikim.com.tr\/en\/wp-content\/uploads\/2021\/11\/25-300x205.jpg 300w, https:\/\/www.maviyikim.com.tr\/en\/wp-content\/uploads\/2021\/11\/25-768x524.jpg 768w\" sizes=\"auto, (max-width: 1000px) 100vw, 1000px\" \/><\/a><\/figure>\n\n\n\n<figure class=\"wp-block-image size-large\"><a href=\"https:\/\/www.maviyikim.com.tr\/wp-content\/uploads\/2021\/11\/35.jpg\"><img loading=\"lazy\" decoding=\"async\" width=\"1000\" height=\"682\" data-id=\"10860\" src=\"https:\/\/www.maviyikim.com.tr\/wp-content\/uploads\/2021\/11\/35.jpg\" alt=\"Mavi Y\u0131k\u0131m, \u0130stanbul Y\u0131k\u0131m, Y\u0131k\u0131m, Fabrika Y\u0131k\u0131m, Tesis Y\u0131k\u0131m, \u0130zmir Y\u0131k\u0131m, demolition, Profesyonel y\u0131k\u0131m, y\u0131k\u0131m plan\u0131, Restorasyon, \u0130tinal\u0131 Y\u0131k\u0131m, elle y\u0131k\u0131m\" class=\"wp-image-10860\" srcset=\"https:\/\/www.maviyikim.com.tr\/en\/wp-content\/uploads\/2021\/11\/35.jpg 1000w, https:\/\/www.maviyikim.com.tr\/en\/wp-content\/uploads\/2021\/11\/35-300x205.jpg 300w, https:\/\/www.maviyikim.com.tr\/en\/wp-content\/uploads\/2021\/11\/35-768x524.jpg 768w\" sizes=\"auto, (max-width: 1000px) 100vw, 1000px\" \/><\/a><figcaption>Mavi Y\u0131k\u0131m, \u0130stanbul Y\u0131k\u0131m, Y\u0131k\u0131m, Fabrika Y\u0131k\u0131m, Tesis Y\u0131k\u0131m, \u0130zmir Y\u0131k\u0131m, demolition, Profesyonel y\u0131k\u0131m, y\u0131k\u0131m plan\u0131, Restorasyon, \u0130tinal\u0131 Y\u0131k\u0131m, elle y\u0131k\u0131m<\/figcaption><\/figure>\n\n\n\n<figure class=\"wp-block-image size-large\"><a href=\"https:\/\/www.maviyikim.com.tr\/wp-content\/uploads\/2021\/09\/fabrika-yikim.jpg\"><img loading=\"lazy\" decoding=\"async\" width=\"1000\" height=\"563\" data-id=\"10429\" src=\"https:\/\/www.maviyikim.com.tr\/wp-content\/uploads\/2021\/09\/fabrika-yikim.jpg\" alt=\"\" class=\"wp-image-10429\" srcset=\"https:\/\/www.maviyikim.com.tr\/en\/wp-content\/uploads\/2021\/09\/fabrika-yikim.jpg 1000w, https:\/\/www.maviyikim.com.tr\/en\/wp-content\/uploads\/2021\/09\/fabrika-yikim-300x169.jpg 300w, https:\/\/www.maviyikim.com.tr\/en\/wp-content\/uploads\/2021\/09\/fabrika-yikim-768x432.jpg 768w\" sizes=\"auto, (max-width: 1000px) 100vw, 1000px\" \/><\/a><\/figure>\n\n\n\n<figure class=\"wp-block-image size-large\"><a href=\"https:\/\/www.maviyikim.com.tr\/wp-content\/uploads\/2021\/09\/10.jpg\"><img loading=\"lazy\" decoding=\"async\" width=\"1000\" height=\"682\" data-id=\"10366\" src=\"https:\/\/www.maviyikim.com.tr\/wp-content\/uploads\/2021\/09\/10.jpg\" alt=\"\" class=\"wp-image-10366\" srcset=\"https:\/\/www.maviyikim.com.tr\/en\/wp-content\/uploads\/2021\/09\/10.jpg 1000w, https:\/\/www.maviyikim.com.tr\/en\/wp-content\/uploads\/2021\/09\/10-300x205.jpg 300w, https:\/\/www.maviyikim.com.tr\/en\/wp-content\/uploads\/2021\/09\/10-768x524.jpg 768w\" sizes=\"auto, (max-width: 1000px) 100vw, 1000px\" \/><\/a><\/figure>\n<\/figure>\n","protected":false},"excerpt":{"rendered":"<p>It is the demolition project of the 26-meter straw tower in the middle of the factory in Marmara Ka\u011f\u0131t Bilecik Facilities, which works 24 hours with more than 1500 personnel. In order to demolish the building, which has completed its service life and poses a risk to the facility, the &#8220;cut-down demolition&#8221; method was used. [&hellip;]<\/p>\n","protected":false},"author":1,"featured_media":0,"parent":0,"menu_order":0,"comment_status":"closed","ping_status":"closed","template":"","meta":{"footnotes":""},"class_list":["post-11027","page","type-page","status-publish","hentry"],"aioseo_notices":[],"_links":{"self":[{"href":"https:\/\/www.maviyikim.com.tr\/en\/wp-json\/wp\/v2\/pages\/11027","targetHints":{"allow":["GET"]}}],"collection":[{"href":"https:\/\/www.maviyikim.com.tr\/en\/wp-json\/wp\/v2\/pages"}],"about":[{"href":"https:\/\/www.maviyikim.com.tr\/en\/wp-json\/wp\/v2\/types\/page"}],"author":[{"embeddable":true,"href":"https:\/\/www.maviyikim.com.tr\/en\/wp-json\/wp\/v2\/users\/1"}],"replies":[{"embeddable":true,"href":"https:\/\/www.maviyikim.com.tr\/en\/wp-json\/wp\/v2\/comments?post=11027"}],"version-history":[{"count":6,"href":"https:\/\/www.maviyikim.com.tr\/en\/wp-json\/wp\/v2\/pages\/11027\/revisions"}],"predecessor-version":[{"id":11392,"href":"https:\/\/www.maviyikim.com.tr\/en\/wp-json\/wp\/v2\/pages\/11027\/revisions\/11392"}],"wp:attachment":[{"href":"https:\/\/www.maviyikim.com.tr\/en\/wp-json\/wp\/v2\/media?parent=11027"}],"curies":[{"name":"wp","href":"https:\/\/api.w.org\/{rel}","templated":true}]}}