{"id":11029,"date":"2022-05-07T16:51:15","date_gmt":"2022-05-07T13:51:15","guid":{"rendered":"https:\/\/www.maviyikim.com.tr\/?page_id=11029"},"modified":"2022-06-07T18:04:43","modified_gmt":"2022-06-07T15:04:43","slug":"industrial-factory-demolition","status":"publish","type":"page","link":"https:\/\/www.maviyikim.com.tr\/en\/industrial-factory-demolition\/","title":{"rendered":"Industrial Factory Demolition"},"content":{"rendered":"\n<div class=\"wp-block-safirtema-mainheading mainHeading\"><div class=\"inner\"><div class=\"icon safiricon\"><svg class=\"safiricon-icon40\"><use href=\"#safiricon-icon40\"><\/use><\/svg><\/div><div class=\"text\">About Industrial Factory Demolition<\/div><\/div><\/div>\n\n\n\n<p>It covers the dismantling and demolition of facilities for the purpose of renewing the operation. Oxygen cutting and spiral cutting are strictly prohibited due to extremely flammable materials in the facility, and dismantling is carried out with alternative methods.<\/p>\n\n\n\n<p>This demolition process is an industrial demolition with steel and concrete structures in which many construction machines are used and carried out at different intervals.<\/p>\n\n\n\n<p>The foundations of the project site were broken and filled with qualified material and delivered.<\/p>\n\n\n\n<p><strong>This Project; It is an industrial demolition project without the use of oxygen and spirals<\/strong>.<\/p>\n\n\n<div class=\"wp-block-image\">\n<figure class=\"aligncenter size-full\"><img loading=\"lazy\" decoding=\"async\" width=\"1024\" height=\"435\" src=\"https:\/\/www.maviyikim.com.tr\/wp-content\/uploads\/2022\/05\/Endustriyel-Fabrika-Yikimi.jpg\" alt=\"\" class=\"wp-image-11104\" srcset=\"https:\/\/www.maviyikim.com.tr\/en\/wp-content\/uploads\/2022\/05\/Endustriyel-Fabrika-Yikimi.jpg 1024w, https:\/\/www.maviyikim.com.tr\/en\/wp-content\/uploads\/2022\/05\/Endustriyel-Fabrika-Yikimi-300x127.jpg 300w, https:\/\/www.maviyikim.com.tr\/en\/wp-content\/uploads\/2022\/05\/Endustriyel-Fabrika-Yikimi-768x326.jpg 768w\" sizes=\"auto, (max-width: 1024px) 100vw, 1024px\" \/><\/figure>\n<\/div>\n\n\n<hr class=\"wp-block-separator has-css-opacity\"\/>\n\n\n\n<div class=\"wp-block-safirtema-mainheading mainHeading\"><div class=\"inner\"><div class=\"icon safiricon\"><svg class=\"safiricon-icon40\"><use href=\"#safiricon-icon40\"><\/use><\/svg><\/div><div class=\"text\">Project Videos<\/div><\/div><\/div>\n\n\n\n<div class=\"wp-block-columns is-layout-flex wp-container-core-columns-is-layout-9d6595d7 wp-block-columns-is-layout-flex\">\n<div class=\"wp-block-column is-layout-flow wp-block-column-is-layout-flow\">\n<figure class=\"wp-block-embed is-type-video is-provider-youtube wp-block-embed-youtube wp-embed-aspect-16-9 wp-has-aspect-ratio\"><div class=\"wp-block-embed__wrapper\">\n<iframe loading=\"lazy\" title=\"Fabrika ve Tesis Y\u0131k\u0131m Tan\u0131t\u0131m\u0131 - Mavi Y\u0131k\u0131m\" width=\"780\" height=\"439\" src=\"https:\/\/www.youtube.com\/embed\/Bz97j5JmWoQ?feature=oembed\" frameborder=\"0\" allow=\"accelerometer; autoplay; clipboard-write; encrypted-media; gyroscope; picture-in-picture\" allowfullscreen><\/iframe>\n<\/div><\/figure>\n<\/div>\n\n\n\n<div class=\"wp-block-column is-layout-flow wp-block-column-is-layout-flow\"><\/div>\n\n\n\n<div class=\"wp-block-column is-layout-flow wp-block-column-is-layout-flow\"><\/div>\n<\/div>\n\n\n\n<div class=\"wp-block-safirtema-mainheading mainHeading\"><div class=\"inner\"><div class=\"icon safiricon\"><svg class=\"safiricon-icon53\"><use href=\"#safiricon-icon53\"><\/use><\/svg><\/div><div class=\"text\">Project Photos<\/div><\/div><\/div>\n\n\n\n<figure class=\"wp-block-gallery has-nested-images columns-6 is-cropped wp-block-gallery-1 is-layout-flex wp-block-gallery-is-layout-flex\">\n<figure class=\"wp-block-image size-large\"><a href=\"https:\/\/www.maviyikim.com.tr\/wp-content\/uploads\/2022\/01\/26.jpg\"><img loading=\"lazy\" decoding=\"async\" width=\"1000\" height=\"682\" data-id=\"10967\" src=\"https:\/\/www.maviyikim.com.tr\/wp-content\/uploads\/2022\/01\/26.jpg\" alt=\"\" class=\"wp-image-10967\" srcset=\"https:\/\/www.maviyikim.com.tr\/en\/wp-content\/uploads\/2022\/01\/26.jpg 1000w, https:\/\/www.maviyikim.com.tr\/en\/wp-content\/uploads\/2022\/01\/26-300x205.jpg 300w, https:\/\/www.maviyikim.com.tr\/en\/wp-content\/uploads\/2022\/01\/26-768x524.jpg 768w\" sizes=\"auto, (max-width: 1000px) 100vw, 1000px\" \/><\/a><\/figure>\n\n\n\n<figure class=\"wp-block-image size-large\"><a href=\"https:\/\/www.maviyikim.com.tr\/wp-content\/uploads\/2021\/11\/31.jpg\"><img loading=\"lazy\" decoding=\"async\" width=\"1000\" height=\"682\" data-id=\"10864\" src=\"https:\/\/www.maviyikim.com.tr\/wp-content\/uploads\/2021\/11\/31.jpg\" alt=\"Mavi Y\u0131k\u0131m, \u0130stanbul Y\u0131k\u0131m, Y\u0131k\u0131m, Fabrika Y\u0131k\u0131m, Tesis Y\u0131k\u0131m, \u0130zmir Y\u0131k\u0131m, demolition, Profesyonel y\u0131k\u0131m, y\u0131k\u0131m plan\u0131, Restorasyon, \u0130tinal\u0131 Y\u0131k\u0131m, elle y\u0131k\u0131m\" class=\"wp-image-10864\" srcset=\"https:\/\/www.maviyikim.com.tr\/en\/wp-content\/uploads\/2021\/11\/31.jpg 1000w, https:\/\/www.maviyikim.com.tr\/en\/wp-content\/uploads\/2021\/11\/31-300x205.jpg 300w, https:\/\/www.maviyikim.com.tr\/en\/wp-content\/uploads\/2021\/11\/31-768x524.jpg 768w\" sizes=\"auto, (max-width: 1000px) 100vw, 1000px\" \/><\/a><\/figure>\n\n\n\n<figure class=\"wp-block-image size-large\"><a href=\"https:\/\/www.maviyikim.com.tr\/wp-content\/uploads\/2021\/11\/30.jpg\"><img loading=\"lazy\" decoding=\"async\" width=\"1000\" height=\"682\" data-id=\"10865\" src=\"https:\/\/www.maviyikim.com.tr\/wp-content\/uploads\/2021\/11\/30.jpg\" alt=\"\" class=\"wp-image-10865\" srcset=\"https:\/\/www.maviyikim.com.tr\/en\/wp-content\/uploads\/2021\/11\/30.jpg 1000w, https:\/\/www.maviyikim.com.tr\/en\/wp-content\/uploads\/2021\/11\/30-300x205.jpg 300w, https:\/\/www.maviyikim.com.tr\/en\/wp-content\/uploads\/2021\/11\/30-768x524.jpg 768w\" sizes=\"auto, (max-width: 1000px) 100vw, 1000px\" \/><\/a><\/figure>\n\n\n\n<figure class=\"wp-block-image size-large\"><a href=\"https:\/\/www.maviyikim.com.tr\/wp-content\/uploads\/2021\/11\/49.jpg\"><img loading=\"lazy\" decoding=\"async\" width=\"1000\" height=\"682\" data-id=\"10846\" src=\"https:\/\/www.maviyikim.com.tr\/wp-content\/uploads\/2021\/11\/49.jpg\" alt=\"Mavi Y\u0131k\u0131m, \u0130stanbul Y\u0131k\u0131m, Y\u0131k\u0131m, Fabrika Y\u0131k\u0131m, Tesis Y\u0131k\u0131m, \u0130zmir Y\u0131k\u0131m, demolition, Profesyonel y\u0131k\u0131m, y\u0131k\u0131m plan\u0131\" class=\"wp-image-10846\" srcset=\"https:\/\/www.maviyikim.com.tr\/en\/wp-content\/uploads\/2021\/11\/49.jpg 1000w, https:\/\/www.maviyikim.com.tr\/en\/wp-content\/uploads\/2021\/11\/49-300x205.jpg 300w, https:\/\/www.maviyikim.com.tr\/en\/wp-content\/uploads\/2021\/11\/49-768x524.jpg 768w\" sizes=\"auto, (max-width: 1000px) 100vw, 1000px\" \/><\/a><\/figure>\n\n\n\n<figure class=\"wp-block-image size-large\"><a href=\"https:\/\/www.maviyikim.com.tr\/wp-content\/uploads\/2021\/11\/36.jpg\"><img loading=\"lazy\" decoding=\"async\" width=\"1000\" height=\"682\" data-id=\"10859\" src=\"https:\/\/www.maviyikim.com.tr\/wp-content\/uploads\/2021\/11\/36.jpg\" alt=\"Mavi Y\u0131k\u0131m, \u0130stanbul Y\u0131k\u0131m, Y\u0131k\u0131m, Fabrika Y\u0131k\u0131m, Tesis Y\u0131k\u0131m, \u0130zmir Y\u0131k\u0131m, demolition, Profesyonel y\u0131k\u0131m, y\u0131k\u0131m plan\u0131, Restorasyon, \u0130tinal\u0131 Y\u0131k\u0131m, elle y\u0131k\u0131m\" class=\"wp-image-10859\" srcset=\"https:\/\/www.maviyikim.com.tr\/en\/wp-content\/uploads\/2021\/11\/36.jpg 1000w, https:\/\/www.maviyikim.com.tr\/en\/wp-content\/uploads\/2021\/11\/36-300x205.jpg 300w, https:\/\/www.maviyikim.com.tr\/en\/wp-content\/uploads\/2021\/11\/36-768x524.jpg 768w\" sizes=\"auto, (max-width: 1000px) 100vw, 1000px\" \/><\/a><\/figure>\n\n\n\n<figure class=\"wp-block-image size-large\"><a href=\"https:\/\/www.maviyikim.com.tr\/wp-content\/uploads\/2021\/11\/40.jpg\"><img loading=\"lazy\" decoding=\"async\" width=\"1000\" height=\"682\" data-id=\"10855\" src=\"https:\/\/www.maviyikim.com.tr\/wp-content\/uploads\/2021\/11\/40.jpg\" alt=\"Mavi Y\u0131k\u0131m, \u0130stanbul Y\u0131k\u0131m, Y\u0131k\u0131m, Fabrika Y\u0131k\u0131m, Tesis Y\u0131k\u0131m, \u0130zmir Y\u0131k\u0131m, demolition, Profesyonel y\u0131k\u0131m, y\u0131k\u0131m plan\u0131, Restorasyon, \u0130tinal\u0131 Y\u0131k\u0131m, elle y\u0131k\u0131m\" class=\"wp-image-10855\" srcset=\"https:\/\/www.maviyikim.com.tr\/en\/wp-content\/uploads\/2021\/11\/40.jpg 1000w, https:\/\/www.maviyikim.com.tr\/en\/wp-content\/uploads\/2021\/11\/40-300x205.jpg 300w, https:\/\/www.maviyikim.com.tr\/en\/wp-content\/uploads\/2021\/11\/40-768x524.jpg 768w\" sizes=\"auto, (max-width: 1000px) 100vw, 1000px\" \/><\/a><\/figure>\n\n\n\n<figure class=\"wp-block-image size-large\"><a href=\"https:\/\/www.maviyikim.com.tr\/wp-content\/uploads\/2021\/09\/bina-yikim.jpg\"><img loading=\"lazy\" decoding=\"async\" width=\"1000\" height=\"563\" data-id=\"10431\" src=\"https:\/\/www.maviyikim.com.tr\/wp-content\/uploads\/2021\/09\/bina-yikim.jpg\" alt=\"\" class=\"wp-image-10431\" srcset=\"https:\/\/www.maviyikim.com.tr\/en\/wp-content\/uploads\/2021\/09\/bina-yikim.jpg 1000w, https:\/\/www.maviyikim.com.tr\/en\/wp-content\/uploads\/2021\/09\/bina-yikim-300x169.jpg 300w, https:\/\/www.maviyikim.com.tr\/en\/wp-content\/uploads\/2021\/09\/bina-yikim-768x432.jpg 768w\" sizes=\"auto, (max-width: 1000px) 100vw, 1000px\" \/><\/a><\/figure>\n\n\n\n<figure class=\"wp-block-image size-large\"><a href=\"https:\/\/www.maviyikim.com.tr\/wp-content\/uploads\/2021\/09\/7.jpg\"><img loading=\"lazy\" decoding=\"async\" width=\"1000\" height=\"682\" data-id=\"10369\" src=\"https:\/\/www.maviyikim.com.tr\/wp-content\/uploads\/2021\/09\/7.jpg\" alt=\"\" class=\"wp-image-10369\" srcset=\"https:\/\/www.maviyikim.com.tr\/en\/wp-content\/uploads\/2021\/09\/7.jpg 1000w, https:\/\/www.maviyikim.com.tr\/en\/wp-content\/uploads\/2021\/09\/7-300x205.jpg 300w, https:\/\/www.maviyikim.com.tr\/en\/wp-content\/uploads\/2021\/09\/7-768x524.jpg 768w\" sizes=\"auto, (max-width: 1000px) 100vw, 1000px\" \/><\/a><\/figure>\n\n\n\n<figure class=\"wp-block-image size-large\"><a href=\"https:\/\/www.maviyikim.com.tr\/wp-content\/uploads\/2021\/09\/asbest3.jpg\"><img loading=\"lazy\" decoding=\"async\" width=\"1000\" height=\"563\" data-id=\"10328\" src=\"https:\/\/www.maviyikim.com.tr\/wp-content\/uploads\/2021\/09\/asbest3.jpg\" alt=\"\" class=\"wp-image-10328\" srcset=\"https:\/\/www.maviyikim.com.tr\/en\/wp-content\/uploads\/2021\/09\/asbest3.jpg 1000w, https:\/\/www.maviyikim.com.tr\/en\/wp-content\/uploads\/2021\/09\/asbest3-300x169.jpg 300w, https:\/\/www.maviyikim.com.tr\/en\/wp-content\/uploads\/2021\/09\/asbest3-768x432.jpg 768w\" sizes=\"auto, (max-width: 1000px) 100vw, 1000px\" \/><\/a><\/figure>\n\n\n\n<figure class=\"wp-block-image size-large\"><a href=\"https:\/\/www.maviyikim.com.tr\/wp-content\/uploads\/2021\/10\/endustriyelyikim2.jpg\"><img loading=\"lazy\" decoding=\"async\" width=\"1000\" height=\"563\" data-id=\"10733\" src=\"https:\/\/www.maviyikim.com.tr\/wp-content\/uploads\/2021\/10\/endustriyelyikim2.jpg\" alt=\"\" class=\"wp-image-10733\" srcset=\"https:\/\/www.maviyikim.com.tr\/en\/wp-content\/uploads\/2021\/10\/endustriyelyikim2.jpg 1000w, https:\/\/www.maviyikim.com.tr\/en\/wp-content\/uploads\/2021\/10\/endustriyelyikim2-300x169.jpg 300w, https:\/\/www.maviyikim.com.tr\/en\/wp-content\/uploads\/2021\/10\/endustriyelyikim2-768x432.jpg 768w\" sizes=\"auto, (max-width: 1000px) 100vw, 1000px\" \/><\/a><\/figure>\n\n\n\n<figure class=\"wp-block-image size-large\"><a href=\"https:\/\/www.maviyikim.com.tr\/wp-content\/uploads\/2021\/11\/13.jpg\"><img loading=\"lazy\" decoding=\"async\" width=\"1000\" height=\"682\" data-id=\"10882\" src=\"https:\/\/www.maviyikim.com.tr\/wp-content\/uploads\/2021\/11\/13.jpg\" alt=\"\" class=\"wp-image-10882\" srcset=\"https:\/\/www.maviyikim.com.tr\/en\/wp-content\/uploads\/2021\/11\/13.jpg 1000w, https:\/\/www.maviyikim.com.tr\/en\/wp-content\/uploads\/2021\/11\/13-300x205.jpg 300w, https:\/\/www.maviyikim.com.tr\/en\/wp-content\/uploads\/2021\/11\/13-768x524.jpg 768w\" sizes=\"auto, (max-width: 1000px) 100vw, 1000px\" \/><\/a><\/figure>\n\n\n\n<figure class=\"wp-block-image size-large\"><a href=\"https:\/\/www.maviyikim.com.tr\/wp-content\/uploads\/2021\/09\/asbest1.jpg\"><img loading=\"lazy\" decoding=\"async\" width=\"1000\" height=\"563\" data-id=\"10327\" src=\"https:\/\/www.maviyikim.com.tr\/wp-content\/uploads\/2021\/09\/asbest1.jpg\" alt=\"\" class=\"wp-image-10327\" srcset=\"https:\/\/www.maviyikim.com.tr\/en\/wp-content\/uploads\/2021\/09\/asbest1.jpg 1000w, https:\/\/www.maviyikim.com.tr\/en\/wp-content\/uploads\/2021\/09\/asbest1-300x169.jpg 300w, https:\/\/www.maviyikim.com.tr\/en\/wp-content\/uploads\/2021\/09\/asbest1-768x432.jpg 768w\" sizes=\"auto, (max-width: 1000px) 100vw, 1000px\" \/><\/a><\/figure>\n<\/figure>\n","protected":false},"excerpt":{"rendered":"<p>It covers the dismantling and demolition of facilities for the purpose of renewing the operation. Oxygen cutting and spiral cutting are strictly prohibited due to extremely flammable materials in the facility, and dismantling is carried out with alternative methods. This demolition process is an industrial demolition with steel and concrete structures in which many construction [&hellip;]<\/p>\n","protected":false},"author":1,"featured_media":0,"parent":0,"menu_order":0,"comment_status":"closed","ping_status":"closed","template":"","meta":{"footnotes":""},"class_list":["post-11029","page","type-page","status-publish","hentry"],"aioseo_notices":[],"_links":{"self":[{"href":"https:\/\/www.maviyikim.com.tr\/en\/wp-json\/wp\/v2\/pages\/11029","targetHints":{"allow":["GET"]}}],"collection":[{"href":"https:\/\/www.maviyikim.com.tr\/en\/wp-json\/wp\/v2\/pages"}],"about":[{"href":"https:\/\/www.maviyikim.com.tr\/en\/wp-json\/wp\/v2\/types\/page"}],"author":[{"embeddable":true,"href":"https:\/\/www.maviyikim.com.tr\/en\/wp-json\/wp\/v2\/users\/1"}],"replies":[{"embeddable":true,"href":"https:\/\/www.maviyikim.com.tr\/en\/wp-json\/wp\/v2\/comments?post=11029"}],"version-history":[{"count":7,"href":"https:\/\/www.maviyikim.com.tr\/en\/wp-json\/wp\/v2\/pages\/11029\/revisions"}],"predecessor-version":[{"id":11400,"href":"https:\/\/www.maviyikim.com.tr\/en\/wp-json\/wp\/v2\/pages\/11029\/revisions\/11400"}],"wp:attachment":[{"href":"https:\/\/www.maviyikim.com.tr\/en\/wp-json\/wp\/v2\/media?parent=11029"}],"curies":[{"name":"wp","href":"https:\/\/api.w.org\/{rel}","templated":true}]}}