{"id":11033,"date":"2022-05-07T16:53:31","date_gmt":"2022-05-07T13:53:31","guid":{"rendered":"https:\/\/www.maviyikim.com.tr\/?page_id=11033"},"modified":"2022-10-26T20:30:51","modified_gmt":"2022-10-26T17:30:51","slug":"meticulous-demolition-of-ziraat-bank-istanbul-branch","status":"publish","type":"page","link":"https:\/\/www.maviyikim.com.tr\/en\/meticulous-demolition-of-ziraat-bank-istanbul-branch\/","title":{"rendered":"Meticulous Demolition of Ziraat Bank Istanbul Branch"},"content":{"rendered":"\n<div class=\"wp-block-safirtema-mainheading mainHeading\"><div class=\"inner\"><div class=\"icon safiricon\"><svg class=\"safiricon-icon40\"><use href=\"#safiricon-icon40\"><\/use><\/svg><\/div><div class=\"text\">About Karak\u00f6y Ziraat Bank&#8217;s Meticulous Demolition<\/div><\/div><\/div>\n\n\n\n<p>It is a meticulous demolition project for the restoration and implementation of Ziraat Bank Istanbul Branch.<\/p>\n\n\n\n<p>In this project; The outer body walls of the building were held with iron hangers and the reinforced concrete parts inside the building were demolished.<\/p>\n\n\n\n<p>After the demolition was completed, the rubble was removed and transported with small construction equipment placed inside the building.<\/p>\n\n\n\n<p><strong>This project: It is a meticulous demolition project carried out with the aim of restoring a building built in the early 1900s.<\/strong><\/p>\n\n\n<div class=\"wp-block-image\">\n<figure class=\"aligncenter size-full\"><img loading=\"lazy\" decoding=\"async\" width=\"1024\" height=\"435\" src=\"https:\/\/www.maviyikim.com.tr\/wp-content\/uploads\/2022\/05\/Karakoy-Ziraat-Bankasi.jpg\" alt=\"\" class=\"wp-image-11110\" srcset=\"https:\/\/www.maviyikim.com.tr\/en\/wp-content\/uploads\/2022\/05\/Karakoy-Ziraat-Bankasi.jpg 1024w, https:\/\/www.maviyikim.com.tr\/en\/wp-content\/uploads\/2022\/05\/Karakoy-Ziraat-Bankasi-300x127.jpg 300w, https:\/\/www.maviyikim.com.tr\/en\/wp-content\/uploads\/2022\/05\/Karakoy-Ziraat-Bankasi-768x326.jpg 768w\" sizes=\"auto, (max-width: 1024px) 100vw, 1024px\" \/><\/figure>\n<\/div>\n\n\n<hr class=\"wp-block-separator has-css-opacity\"\/>\n\n\n\n<div class=\"wp-block-safirtema-mainheading mainHeading\"><div class=\"inner\"><div class=\"icon safiricon\"><svg class=\"safiricon-icon40\"><use href=\"#safiricon-icon40\"><\/use><\/svg><\/div><div class=\"text\">Project Videos<\/div><\/div><\/div>\n\n\n\n<div class=\"wp-block-columns is-layout-flex wp-container-core-columns-is-layout-9d6595d7 wp-block-columns-is-layout-flex\">\n<div class=\"wp-block-column is-layout-flow wp-block-column-is-layout-flow\">\n<figure class=\"wp-block-embed is-type-video is-provider-youtube wp-block-embed-youtube wp-embed-aspect-16-9 wp-has-aspect-ratio\"><div class=\"wp-block-embed__wrapper\">\n<iframe loading=\"lazy\" title=\"Ziraat Bankas\u0131 Tarihi Karak\u00f6y \u015eubesi Restorasyonu Kapsam\u0131ndaki \u0130tinal\u0131 Y\u0131k\u0131m\u0131\" width=\"780\" height=\"439\" src=\"https:\/\/www.youtube.com\/embed\/8ED5XQSRuLY?feature=oembed\" frameborder=\"0\" allow=\"accelerometer; autoplay; clipboard-write; encrypted-media; gyroscope; picture-in-picture\" allowfullscreen><\/iframe>\n<\/div><\/figure>\n<\/div>\n\n\n\n<div class=\"wp-block-column is-layout-flow wp-block-column-is-layout-flow\"><\/div>\n\n\n\n<div class=\"wp-block-column is-layout-flow wp-block-column-is-layout-flow\"><\/div>\n<\/div>\n\n\n\n<div class=\"wp-block-safirtema-mainheading mainHeading\"><div class=\"inner\"><div class=\"icon safiricon\"><svg class=\"safiricon-icon53\"><use href=\"#safiricon-icon53\"><\/use><\/svg><\/div><div class=\"text\">Project Photo<\/div><\/div><\/div>\n\n\n\n<figure class=\"wp-block-gallery has-nested-images columns-6 is-cropped wp-block-gallery-1 is-layout-flex wp-block-gallery-is-layout-flex\">\n<figure class=\"wp-block-image size-large\"><a href=\"https:\/\/www.maviyikim.com.tr\/wp-content\/uploads\/2022\/05\/ziraat2.jpg\"><img loading=\"lazy\" decoding=\"async\" width=\"1000\" height=\"682\" data-id=\"11214\" src=\"https:\/\/www.maviyikim.com.tr\/wp-content\/uploads\/2022\/05\/ziraat2.jpg\" alt=\"\" class=\"wp-image-11214\" srcset=\"https:\/\/www.maviyikim.com.tr\/en\/wp-content\/uploads\/2022\/05\/ziraat2.jpg 1000w, https:\/\/www.maviyikim.com.tr\/en\/wp-content\/uploads\/2022\/05\/ziraat2-300x205.jpg 300w, https:\/\/www.maviyikim.com.tr\/en\/wp-content\/uploads\/2022\/05\/ziraat2-768x524.jpg 768w\" sizes=\"auto, (max-width: 1000px) 100vw, 1000px\" \/><\/a><\/figure>\n\n\n\n<figure class=\"wp-block-image size-large\"><a href=\"https:\/\/www.maviyikim.com.tr\/wp-content\/uploads\/2022\/05\/ziraat5.jpg\"><img loading=\"lazy\" decoding=\"async\" width=\"1000\" height=\"682\" data-id=\"11216\" src=\"https:\/\/www.maviyikim.com.tr\/wp-content\/uploads\/2022\/05\/ziraat5.jpg\" alt=\"\" class=\"wp-image-11216\" srcset=\"https:\/\/www.maviyikim.com.tr\/en\/wp-content\/uploads\/2022\/05\/ziraat5.jpg 1000w, https:\/\/www.maviyikim.com.tr\/en\/wp-content\/uploads\/2022\/05\/ziraat5-300x205.jpg 300w, https:\/\/www.maviyikim.com.tr\/en\/wp-content\/uploads\/2022\/05\/ziraat5-768x524.jpg 768w\" sizes=\"auto, (max-width: 1000px) 100vw, 1000px\" \/><\/a><\/figure>\n\n\n\n<figure class=\"wp-block-image size-large\"><a href=\"https:\/\/www.maviyikim.com.tr\/wp-content\/uploads\/2022\/05\/ziraat6.jpg\"><img loading=\"lazy\" decoding=\"async\" width=\"1000\" height=\"682\" data-id=\"11217\" src=\"https:\/\/www.maviyikim.com.tr\/wp-content\/uploads\/2022\/05\/ziraat6.jpg\" alt=\"\" class=\"wp-image-11217\" srcset=\"https:\/\/www.maviyikim.com.tr\/en\/wp-content\/uploads\/2022\/05\/ziraat6.jpg 1000w, https:\/\/www.maviyikim.com.tr\/en\/wp-content\/uploads\/2022\/05\/ziraat6-300x205.jpg 300w, https:\/\/www.maviyikim.com.tr\/en\/wp-content\/uploads\/2022\/05\/ziraat6-768x524.jpg 768w\" sizes=\"auto, (max-width: 1000px) 100vw, 1000px\" \/><\/a><\/figure>\n\n\n\n<figure class=\"wp-block-image size-large\"><a href=\"https:\/\/www.maviyikim.com.tr\/wp-content\/uploads\/2022\/05\/ziraat7.jpg\"><img loading=\"lazy\" decoding=\"async\" width=\"1000\" height=\"682\" data-id=\"11218\" src=\"https:\/\/www.maviyikim.com.tr\/wp-content\/uploads\/2022\/05\/ziraat7.jpg\" alt=\"\" class=\"wp-image-11218\" srcset=\"https:\/\/www.maviyikim.com.tr\/en\/wp-content\/uploads\/2022\/05\/ziraat7.jpg 1000w, https:\/\/www.maviyikim.com.tr\/en\/wp-content\/uploads\/2022\/05\/ziraat7-300x205.jpg 300w, https:\/\/www.maviyikim.com.tr\/en\/wp-content\/uploads\/2022\/05\/ziraat7-768x524.jpg 768w\" sizes=\"auto, (max-width: 1000px) 100vw, 1000px\" \/><\/a><\/figure>\n\n\n\n<figure class=\"wp-block-image size-large\"><a href=\"https:\/\/www.maviyikim.com.tr\/wp-content\/uploads\/2022\/05\/ziraat8.jpg\"><img loading=\"lazy\" decoding=\"async\" width=\"1000\" height=\"682\" data-id=\"11219\" src=\"https:\/\/www.maviyikim.com.tr\/wp-content\/uploads\/2022\/05\/ziraat8.jpg\" alt=\"\" class=\"wp-image-11219\" srcset=\"https:\/\/www.maviyikim.com.tr\/en\/wp-content\/uploads\/2022\/05\/ziraat8.jpg 1000w, https:\/\/www.maviyikim.com.tr\/en\/wp-content\/uploads\/2022\/05\/ziraat8-300x205.jpg 300w, https:\/\/www.maviyikim.com.tr\/en\/wp-content\/uploads\/2022\/05\/ziraat8-768x524.jpg 768w\" sizes=\"auto, (max-width: 1000px) 100vw, 1000px\" \/><\/a><\/figure>\n\n\n\n<figure class=\"wp-block-image size-large\"><a href=\"https:\/\/www.maviyikim.com.tr\/wp-content\/uploads\/2022\/05\/ziraat3.jpg\"><img loading=\"lazy\" decoding=\"async\" width=\"1000\" height=\"682\" data-id=\"11215\" src=\"https:\/\/www.maviyikim.com.tr\/wp-content\/uploads\/2022\/05\/ziraat3.jpg\" alt=\"\" class=\"wp-image-11215\" srcset=\"https:\/\/www.maviyikim.com.tr\/en\/wp-content\/uploads\/2022\/05\/ziraat3.jpg 1000w, https:\/\/www.maviyikim.com.tr\/en\/wp-content\/uploads\/2022\/05\/ziraat3-300x205.jpg 300w, https:\/\/www.maviyikim.com.tr\/en\/wp-content\/uploads\/2022\/05\/ziraat3-768x524.jpg 768w\" sizes=\"auto, (max-width: 1000px) 100vw, 1000px\" \/><\/a><\/figure>\n\n\n\n<figure class=\"wp-block-image size-large\"><a href=\"https:\/\/www.maviyikim.com.tr\/wp-content\/uploads\/2022\/05\/ziraat9.jpg\"><img loading=\"lazy\" decoding=\"async\" width=\"1000\" height=\"682\" data-id=\"11220\" src=\"https:\/\/www.maviyikim.com.tr\/wp-content\/uploads\/2022\/05\/ziraat9.jpg\" alt=\"\" class=\"wp-image-11220\" srcset=\"https:\/\/www.maviyikim.com.tr\/en\/wp-content\/uploads\/2022\/05\/ziraat9.jpg 1000w, https:\/\/www.maviyikim.com.tr\/en\/wp-content\/uploads\/2022\/05\/ziraat9-300x205.jpg 300w, https:\/\/www.maviyikim.com.tr\/en\/wp-content\/uploads\/2022\/05\/ziraat9-768x524.jpg 768w\" sizes=\"auto, (max-width: 1000px) 100vw, 1000px\" \/><\/a><\/figure>\n\n\n\n<figure class=\"wp-block-image size-large\"><a href=\"https:\/\/www.maviyikim.com.tr\/wp-content\/uploads\/2022\/05\/ziraat10.jpg\"><img loading=\"lazy\" decoding=\"async\" width=\"1000\" height=\"682\" data-id=\"11221\" src=\"https:\/\/www.maviyikim.com.tr\/wp-content\/uploads\/2022\/05\/ziraat10.jpg\" alt=\"\" class=\"wp-image-11221\" srcset=\"https:\/\/www.maviyikim.com.tr\/en\/wp-content\/uploads\/2022\/05\/ziraat10.jpg 1000w, https:\/\/www.maviyikim.com.tr\/en\/wp-content\/uploads\/2022\/05\/ziraat10-300x205.jpg 300w, https:\/\/www.maviyikim.com.tr\/en\/wp-content\/uploads\/2022\/05\/ziraat10-768x524.jpg 768w\" sizes=\"auto, (max-width: 1000px) 100vw, 1000px\" \/><\/a><\/figure>\n\n\n\n<figure class=\"wp-block-image size-large\"><a href=\"https:\/\/www.maviyikim.com.tr\/wp-content\/uploads\/2022\/05\/ziraat11.jpg\"><img loading=\"lazy\" decoding=\"async\" width=\"1000\" height=\"682\" data-id=\"11222\" src=\"https:\/\/www.maviyikim.com.tr\/wp-content\/uploads\/2022\/05\/ziraat11.jpg\" alt=\"\" class=\"wp-image-11222\" srcset=\"https:\/\/www.maviyikim.com.tr\/en\/wp-content\/uploads\/2022\/05\/ziraat11.jpg 1000w, https:\/\/www.maviyikim.com.tr\/en\/wp-content\/uploads\/2022\/05\/ziraat11-300x205.jpg 300w, https:\/\/www.maviyikim.com.tr\/en\/wp-content\/uploads\/2022\/05\/ziraat11-768x524.jpg 768w\" sizes=\"auto, (max-width: 1000px) 100vw, 1000px\" \/><\/a><\/figure>\n\n\n\n<figure class=\"wp-block-image size-large\"><a href=\"https:\/\/www.maviyikim.com.tr\/wp-content\/uploads\/2022\/05\/ziraat12.jpg\"><img loading=\"lazy\" decoding=\"async\" width=\"1000\" height=\"682\" data-id=\"11223\" src=\"https:\/\/www.maviyikim.com.tr\/wp-content\/uploads\/2022\/05\/ziraat12.jpg\" alt=\"\" class=\"wp-image-11223\" srcset=\"https:\/\/www.maviyikim.com.tr\/en\/wp-content\/uploads\/2022\/05\/ziraat12.jpg 1000w, https:\/\/www.maviyikim.com.tr\/en\/wp-content\/uploads\/2022\/05\/ziraat12-300x205.jpg 300w, https:\/\/www.maviyikim.com.tr\/en\/wp-content\/uploads\/2022\/05\/ziraat12-768x524.jpg 768w\" sizes=\"auto, (max-width: 1000px) 100vw, 1000px\" \/><\/a><\/figure>\n\n\n\n<figure class=\"wp-block-image size-large\"><a href=\"https:\/\/www.maviyikim.com.tr\/wp-content\/uploads\/2022\/05\/ziraat13.jpg\"><img loading=\"lazy\" decoding=\"async\" width=\"1000\" height=\"682\" data-id=\"11224\" src=\"https:\/\/www.maviyikim.com.tr\/wp-content\/uploads\/2022\/05\/ziraat13.jpg\" alt=\"\" class=\"wp-image-11224\" srcset=\"https:\/\/www.maviyikim.com.tr\/en\/wp-content\/uploads\/2022\/05\/ziraat13.jpg 1000w, https:\/\/www.maviyikim.com.tr\/en\/wp-content\/uploads\/2022\/05\/ziraat13-300x205.jpg 300w, https:\/\/www.maviyikim.com.tr\/en\/wp-content\/uploads\/2022\/05\/ziraat13-768x524.jpg 768w\" sizes=\"auto, (max-width: 1000px) 100vw, 1000px\" \/><\/a><\/figure>\n\n\n\n<figure class=\"wp-block-image size-large\"><a href=\"https:\/\/www.maviyikim.com.tr\/wp-content\/uploads\/2022\/05\/ziraat14.jpg\"><img loading=\"lazy\" decoding=\"async\" width=\"1000\" height=\"682\" data-id=\"11225\" src=\"https:\/\/www.maviyikim.com.tr\/wp-content\/uploads\/2022\/05\/ziraat14.jpg\" alt=\"\" class=\"wp-image-11225\" srcset=\"https:\/\/www.maviyikim.com.tr\/en\/wp-content\/uploads\/2022\/05\/ziraat14.jpg 1000w, https:\/\/www.maviyikim.com.tr\/en\/wp-content\/uploads\/2022\/05\/ziraat14-300x205.jpg 300w, https:\/\/www.maviyikim.com.tr\/en\/wp-content\/uploads\/2022\/05\/ziraat14-768x524.jpg 768w\" sizes=\"auto, (max-width: 1000px) 100vw, 1000px\" \/><\/a><\/figure>\n\n\n\n<figure class=\"wp-block-image size-large\"><a href=\"https:\/\/www.maviyikim.com.tr\/wp-content\/uploads\/2022\/05\/ziraat15.jpg\"><img loading=\"lazy\" decoding=\"async\" width=\"1000\" height=\"682\" data-id=\"11226\" src=\"https:\/\/www.maviyikim.com.tr\/wp-content\/uploads\/2022\/05\/ziraat15.jpg\" alt=\"\" class=\"wp-image-11226\" srcset=\"https:\/\/www.maviyikim.com.tr\/en\/wp-content\/uploads\/2022\/05\/ziraat15.jpg 1000w, https:\/\/www.maviyikim.com.tr\/en\/wp-content\/uploads\/2022\/05\/ziraat15-300x205.jpg 300w, https:\/\/www.maviyikim.com.tr\/en\/wp-content\/uploads\/2022\/05\/ziraat15-768x524.jpg 768w\" sizes=\"auto, (max-width: 1000px) 100vw, 1000px\" \/><\/a><\/figure>\n\n\n\n<figure class=\"wp-block-image size-large\"><a href=\"https:\/\/www.maviyikim.com.tr\/wp-content\/uploads\/2022\/05\/ziraat16.jpg\"><img loading=\"lazy\" decoding=\"async\" width=\"1000\" height=\"682\" data-id=\"11227\" src=\"https:\/\/www.maviyikim.com.tr\/wp-content\/uploads\/2022\/05\/ziraat16.jpg\" alt=\"\" class=\"wp-image-11227\" srcset=\"https:\/\/www.maviyikim.com.tr\/en\/wp-content\/uploads\/2022\/05\/ziraat16.jpg 1000w, https:\/\/www.maviyikim.com.tr\/en\/wp-content\/uploads\/2022\/05\/ziraat16-300x205.jpg 300w, https:\/\/www.maviyikim.com.tr\/en\/wp-content\/uploads\/2022\/05\/ziraat16-768x524.jpg 768w\" sizes=\"auto, (max-width: 1000px) 100vw, 1000px\" \/><\/a><\/figure>\n\n\n\n<figure class=\"wp-block-image size-large\"><a href=\"https:\/\/www.maviyikim.com.tr\/wp-content\/uploads\/2022\/05\/ziraat17.jpg\"><img loading=\"lazy\" decoding=\"async\" width=\"1000\" height=\"682\" data-id=\"11228\" src=\"https:\/\/www.maviyikim.com.tr\/wp-content\/uploads\/2022\/05\/ziraat17.jpg\" alt=\"\" class=\"wp-image-11228\" srcset=\"https:\/\/www.maviyikim.com.tr\/en\/wp-content\/uploads\/2022\/05\/ziraat17.jpg 1000w, https:\/\/www.maviyikim.com.tr\/en\/wp-content\/uploads\/2022\/05\/ziraat17-300x205.jpg 300w, https:\/\/www.maviyikim.com.tr\/en\/wp-content\/uploads\/2022\/05\/ziraat17-768x524.jpg 768w\" sizes=\"auto, (max-width: 1000px) 100vw, 1000px\" \/><\/a><\/figure>\n\n\n\n<figure class=\"wp-block-image size-large\"><a href=\"https:\/\/www.maviyikim.com.tr\/wp-content\/uploads\/2022\/05\/ziraat18.jpg\"><img loading=\"lazy\" decoding=\"async\" width=\"1000\" height=\"682\" data-id=\"11229\" src=\"https:\/\/www.maviyikim.com.tr\/wp-content\/uploads\/2022\/05\/ziraat18.jpg\" alt=\"\" class=\"wp-image-11229\" srcset=\"https:\/\/www.maviyikim.com.tr\/en\/wp-content\/uploads\/2022\/05\/ziraat18.jpg 1000w, https:\/\/www.maviyikim.com.tr\/en\/wp-content\/uploads\/2022\/05\/ziraat18-300x205.jpg 300w, https:\/\/www.maviyikim.com.tr\/en\/wp-content\/uploads\/2022\/05\/ziraat18-768x524.jpg 768w\" sizes=\"auto, (max-width: 1000px) 100vw, 1000px\" \/><\/a><\/figure>\n\n\n\n<figure class=\"wp-block-image size-large\"><a href=\"https:\/\/www.maviyikim.com.tr\/wp-content\/uploads\/2022\/05\/ziraat19.jpg\"><img loading=\"lazy\" decoding=\"async\" width=\"1000\" height=\"682\" data-id=\"11230\" src=\"https:\/\/www.maviyikim.com.tr\/wp-content\/uploads\/2022\/05\/ziraat19.jpg\" alt=\"\" class=\"wp-image-11230\" srcset=\"https:\/\/www.maviyikim.com.tr\/en\/wp-content\/uploads\/2022\/05\/ziraat19.jpg 1000w, https:\/\/www.maviyikim.com.tr\/en\/wp-content\/uploads\/2022\/05\/ziraat19-300x205.jpg 300w, https:\/\/www.maviyikim.com.tr\/en\/wp-content\/uploads\/2022\/05\/ziraat19-768x524.jpg 768w\" sizes=\"auto, (max-width: 1000px) 100vw, 1000px\" \/><\/a><\/figure>\n\n\n\n<figure class=\"wp-block-image size-large\"><a href=\"https:\/\/www.maviyikim.com.tr\/wp-content\/uploads\/2022\/05\/ziraat20.jpg\"><img loading=\"lazy\" decoding=\"async\" width=\"1000\" height=\"682\" data-id=\"11231\" src=\"https:\/\/www.maviyikim.com.tr\/wp-content\/uploads\/2022\/05\/ziraat20.jpg\" alt=\"\" class=\"wp-image-11231\" srcset=\"https:\/\/www.maviyikim.com.tr\/en\/wp-content\/uploads\/2022\/05\/ziraat20.jpg 1000w, https:\/\/www.maviyikim.com.tr\/en\/wp-content\/uploads\/2022\/05\/ziraat20-300x205.jpg 300w, https:\/\/www.maviyikim.com.tr\/en\/wp-content\/uploads\/2022\/05\/ziraat20-768x524.jpg 768w\" sizes=\"auto, (max-width: 1000px) 100vw, 1000px\" \/><\/a><\/figure>\n\n\n\n<figure class=\"wp-block-image size-large\"><a href=\"https:\/\/www.maviyikim.com.tr\/wp-content\/uploads\/2022\/05\/ziraat1.jpg\"><img loading=\"lazy\" decoding=\"async\" width=\"1000\" height=\"682\" data-id=\"11213\" src=\"https:\/\/www.maviyikim.com.tr\/wp-content\/uploads\/2022\/05\/ziraat1.jpg\" alt=\"\" class=\"wp-image-11213\" srcset=\"https:\/\/www.maviyikim.com.tr\/en\/wp-content\/uploads\/2022\/05\/ziraat1.jpg 1000w, https:\/\/www.maviyikim.com.tr\/en\/wp-content\/uploads\/2022\/05\/ziraat1-300x205.jpg 300w, https:\/\/www.maviyikim.com.tr\/en\/wp-content\/uploads\/2022\/05\/ziraat1-768x524.jpg 768w\" sizes=\"auto, (max-width: 1000px) 100vw, 1000px\" \/><\/a><\/figure>\n\n\n\n<figure class=\"wp-block-image size-large\"><a href=\"https:\/\/www.maviyikim.com.tr\/wp-content\/uploads\/2022\/05\/ziraat21.jpg\"><img loading=\"lazy\" decoding=\"async\" width=\"1000\" height=\"682\" data-id=\"11232\" src=\"https:\/\/www.maviyikim.com.tr\/wp-content\/uploads\/2022\/05\/ziraat21.jpg\" alt=\"\" class=\"wp-image-11232\" srcset=\"https:\/\/www.maviyikim.com.tr\/en\/wp-content\/uploads\/2022\/05\/ziraat21.jpg 1000w, https:\/\/www.maviyikim.com.tr\/en\/wp-content\/uploads\/2022\/05\/ziraat21-300x205.jpg 300w, https:\/\/www.maviyikim.com.tr\/en\/wp-content\/uploads\/2022\/05\/ziraat21-768x524.jpg 768w\" sizes=\"auto, (max-width: 1000px) 100vw, 1000px\" \/><\/a><\/figure>\n\n\n\n<figure class=\"wp-block-image size-large\"><a href=\"https:\/\/www.maviyikim.com.tr\/wp-content\/uploads\/2022\/05\/ziraat22.jpg\"><img loading=\"lazy\" decoding=\"async\" width=\"1000\" height=\"682\" data-id=\"11233\" src=\"https:\/\/www.maviyikim.com.tr\/wp-content\/uploads\/2022\/05\/ziraat22.jpg\" alt=\"\" class=\"wp-image-11233\" srcset=\"https:\/\/www.maviyikim.com.tr\/en\/wp-content\/uploads\/2022\/05\/ziraat22.jpg 1000w, https:\/\/www.maviyikim.com.tr\/en\/wp-content\/uploads\/2022\/05\/ziraat22-300x205.jpg 300w, https:\/\/www.maviyikim.com.tr\/en\/wp-content\/uploads\/2022\/05\/ziraat22-768x524.jpg 768w\" sizes=\"auto, (max-width: 1000px) 100vw, 1000px\" \/><\/a><\/figure>\n\n\n\n<figure class=\"wp-block-image size-large\"><a href=\"https:\/\/www.maviyikim.com.tr\/wp-content\/uploads\/2022\/05\/ziraat23.jpg\"><img loading=\"lazy\" decoding=\"async\" width=\"1000\" height=\"682\" data-id=\"11234\" src=\"https:\/\/www.maviyikim.com.tr\/wp-content\/uploads\/2022\/05\/ziraat23.jpg\" alt=\"\" class=\"wp-image-11234\" srcset=\"https:\/\/www.maviyikim.com.tr\/en\/wp-content\/uploads\/2022\/05\/ziraat23.jpg 1000w, https:\/\/www.maviyikim.com.tr\/en\/wp-content\/uploads\/2022\/05\/ziraat23-300x205.jpg 300w, https:\/\/www.maviyikim.com.tr\/en\/wp-content\/uploads\/2022\/05\/ziraat23-768x524.jpg 768w\" sizes=\"auto, (max-width: 1000px) 100vw, 1000px\" \/><\/a><\/figure>\n\n\n\n<figure class=\"wp-block-image size-large\"><a href=\"https:\/\/www.maviyikim.com.tr\/wp-content\/uploads\/2022\/05\/ziraat24.jpg\"><img loading=\"lazy\" decoding=\"async\" width=\"1000\" height=\"682\" data-id=\"11235\" src=\"https:\/\/www.maviyikim.com.tr\/wp-content\/uploads\/2022\/05\/ziraat24.jpg\" alt=\"\" class=\"wp-image-11235\" srcset=\"https:\/\/www.maviyikim.com.tr\/en\/wp-content\/uploads\/2022\/05\/ziraat24.jpg 1000w, https:\/\/www.maviyikim.com.tr\/en\/wp-content\/uploads\/2022\/05\/ziraat24-300x205.jpg 300w, https:\/\/www.maviyikim.com.tr\/en\/wp-content\/uploads\/2022\/05\/ziraat24-768x524.jpg 768w\" sizes=\"auto, (max-width: 1000px) 100vw, 1000px\" \/><\/a><\/figure>\n<\/figure>\n","protected":false},"excerpt":{"rendered":"<p>It is a meticulous demolition project for the restoration and implementation of Ziraat Bank Istanbul Branch. In this project; The outer body walls of the building were held with iron hangers and the reinforced concrete parts inside the building were demolished. After the demolition was completed, the rubble was removed and transported with small construction [&hellip;]<\/p>\n","protected":false},"author":1,"featured_media":0,"parent":0,"menu_order":0,"comment_status":"closed","ping_status":"closed","template":"","meta":{"footnotes":""},"class_list":["post-11033","page","type-page","status-publish","hentry"],"aioseo_notices":[],"_links":{"self":[{"href":"https:\/\/www.maviyikim.com.tr\/en\/wp-json\/wp\/v2\/pages\/11033","targetHints":{"allow":["GET"]}}],"collection":[{"href":"https:\/\/www.maviyikim.com.tr\/en\/wp-json\/wp\/v2\/pages"}],"about":[{"href":"https:\/\/www.maviyikim.com.tr\/en\/wp-json\/wp\/v2\/types\/page"}],"author":[{"embeddable":true,"href":"https:\/\/www.maviyikim.com.tr\/en\/wp-json\/wp\/v2\/users\/1"}],"replies":[{"embeddable":true,"href":"https:\/\/www.maviyikim.com.tr\/en\/wp-json\/wp\/v2\/comments?post=11033"}],"version-history":[{"count":7,"href":"https:\/\/www.maviyikim.com.tr\/en\/wp-json\/wp\/v2\/pages\/11033\/revisions"}],"predecessor-version":[{"id":11661,"href":"https:\/\/www.maviyikim.com.tr\/en\/wp-json\/wp\/v2\/pages\/11033\/revisions\/11661"}],"wp:attachment":[{"href":"https:\/\/www.maviyikim.com.tr\/en\/wp-json\/wp\/v2\/media?parent=11033"}],"curies":[{"name":"wp","href":"https:\/\/api.w.org\/{rel}","templated":true}]}}