{"id":347,"date":"2021-07-11T19:00:00","date_gmt":"2021-07-11T16:00:00","guid":{"rendered":"http:\/\/www.maviyikim.com.tr\/v21\/?page_id=347"},"modified":"2022-06-08T21:54:58","modified_gmt":"2022-06-08T18:54:58","slug":"engineering","status":"publish","type":"page","link":"https:\/\/www.maviyikim.com.tr\/en\/engineering\/","title":{"rendered":"Engineering"},"content":{"rendered":"<div class=\"wp-block-post-excerpt\"><p class=\"wp-block-post-excerpt__excerpt\">Every stage of your project before and after demolition is done under the supervision of engineers. <\/p><\/div>\n\n\n<div class=\"wp-block-safirtema-mainheading mainHeading\"><div class=\"inner\"><div class=\"icon safiricon\"><svg class=\"safiricon-icon22\"><use href=\"#safiricon-icon22\"><\/use><\/svg><\/div><div class=\"text\">Demolition Engineering<\/div><\/div><\/div>\n\n\n\n<p class=\"has-text-align-left\">As much as construction is a technical job, Demolition is a purely technical operation and has a high-risk job status. This process is carried out professionally with the expertise of our engineers. Our engineers work actively in the field and provide control.<\/p>\n\n\n\n<div class=\"wp-block-safirtema-mainheading mainHeading\"><div class=\"inner\"><div class=\"icon safiricon\"><svg class=\"safiricon-icon19\"><use href=\"#safiricon-icon19\"><\/use><\/svg><\/div><div class=\"text\">Demolition Plan<\/div><\/div><\/div>\n\n\n\n<p><meta charset=\"utf-8\">Our company is located in the sector as a &#8220;Professional Demolition Firm&#8221;. For each demolition to be realized by our company, a Demolition Plan is prepared by our engineers and demolition is carried out on this plan. In addition, the prepared demolition plan is created as a project, not in writing. In this plan; the transportation route, the demolition method, the work machines to be used and the number of personnel are completely determined.<\/p>\n\n\n\n<div class=\"wp-block-safirtema-mainheading mainHeading\"><div class=\"inner\"><div class=\"icon safiricon\"><svg class=\"safiricon-icon16\"><use href=\"#safiricon-icon16\"><\/use><\/svg><\/div><div class=\"text\">Controlled Demolition<\/div><\/div><\/div>\n\n\n\n<p>Controls and inspections are carried out by our engineers from the first stage of demolition to the completion stage. This control takes place in the field.<\/p>\n\n\n\n<div class=\"wp-block-safirtema-mainheading mainHeading\"><div class=\"inner\"><div class=\"icon safiricon\"><svg class=\"safiricon-icon40\"><use href=\"#safiricon-icon40\"><\/use><\/svg><\/div><div class=\"text\">Branch Engineers<\/div><\/div><\/div>\n\n\n\n<p>Within our company; In addition to our civil engineers, we also have Mechanical Engineers. Demolition\/disassembly is carried out by providing full supervision and full control in qualified plant and factory demolition\/dismantling.<\/p>\n\n\n\n<p class=\"has-text-align-center\"><\/p>\n\n\n\n<hr class=\"wp-block-separator has-text-color has-vivid-cyan-blue-color has-css-opacity has-vivid-cyan-blue-background-color has-background\"\/>\n\n\n\n<div class=\"wp-block-columns is-layout-flex wp-container-core-columns-is-layout-9d6595d7 wp-block-columns-is-layout-flex\">\n<div class=\"wp-block-column is-layout-flow wp-block-column-is-layout-flow\">\n<figure class=\"wp-block-image size-large\"><img decoding=\"async\" src=\"http:\/\/www.maviyikim.com.tr\/en\/wp-content\/uploads\/2021\/09\/4.jpg\" alt=\"\"\/><\/figure>\n\n\n\n<p class=\"has-text-align-center\"><strong><span class=\"has-inline-color has-vivid-cyan-blue-color\">Apartman S\u00f6k\u00fcm\u00fc<\/span><\/strong><\/p>\n<\/div>\n\n\n\n<div class=\"wp-block-column is-layout-flow wp-block-column-is-layout-flow\">\n<figure class=\"wp-block-image size-large\"><img decoding=\"async\" src=\"http:\/\/www.maviyikim.com.tr\/en\/wp-content\/uploads\/2021\/09\/5.jpg\" alt=\"\"\/><\/figure>\n\n\n\n<p class=\"has-text-align-center\"><strong><span class=\"has-inline-color has-vivid-cyan-blue-color\">Fabrika S\u00f6k\u00fcm\u00fc<\/span><\/strong><\/p>\n<\/div>\n\n\n\n<div class=\"wp-block-column is-layout-flow wp-block-column-is-layout-flow\">\n<figure class=\"wp-block-image size-large\"><img decoding=\"async\" src=\"http:\/\/www.maviyikim.com.tr\/en\/wp-content\/uploads\/2021\/09\/6.jpg\" alt=\"\"\/><\/figure>\n\n\n\n<p class=\"has-text-align-center\"><strong><span class=\"has-inline-color has-vivid-cyan-blue-color\">Site S\u00f6k\u00fcm\u00fc<\/span><\/strong><\/p>\n<\/div>\n<\/div>\n\n\n\n<div class=\"wp-block-columns is-layout-flex wp-container-core-columns-is-layout-9d6595d7 wp-block-columns-is-layout-flex\">\n<div class=\"wp-block-column is-layout-flow wp-block-column-is-layout-flow\">\n<div class=\"wp-block-safirtema-mainheading mainHeading\"><div class=\"inner\"><div class=\"icon safiricon\"><svg class=\"safiricon-icon48\"><use href=\"#safiricon-icon48\"><\/use><\/svg><\/div><div class=\"text\">What is Dismantling?<\/div><\/div><\/div>\n\n\n\n<p>It is the preparation of the building before demolition. All recyclable materials are removed for evaluation. Dismantling is carried out by our personnel who require expertise and have received training on working at height.<\/p>\n<\/div>\n\n\n\n<div class=\"wp-block-column is-layout-flow wp-block-column-is-layout-flow\">\n<div class=\"wp-block-safirtema-mainheading mainHeading\"><div class=\"inner\"><div class=\"icon safiricon\"><svg class=\"safiricon-icon15\"><use href=\"#safiricon-icon15\"><\/use><\/svg><\/div><div class=\"text\">What is Demolition?<\/div><\/div><\/div>\n\n\n\n<p><meta charset=\"utf-8\">Demolition is the process of destroying the static integrity of any building that has completed its service life and turning the area on which the building is located into a land again.<\/p>\n<\/div>\n<\/div>\n\n\n\n<hr class=\"wp-block-separator has-text-color has-vivid-cyan-blue-color has-css-opacity has-vivid-cyan-blue-background-color has-background\"\/>\n\n\n\n<div class=\"wp-block-safirtema-mainheading mainHeading\"><div class=\"inner\"><div class=\"icon safiricon\"><svg class=\"safiricon-icon29\"><use href=\"#safiricon-icon29\"><\/use><\/svg><\/div><div class=\"text\">Why Us?<\/div><\/div><\/div>\n\n\n\n<div class=\"wp-block-columns is-layout-flex wp-container-core-columns-is-layout-9d6595d7 wp-block-columns-is-layout-flex\">\n<div class=\"wp-block-column is-layout-flow wp-block-column-is-layout-flow\">\n<ul class=\"wp-block-list\"><li><strong>1-<\/strong> We take all precautions<\/li><\/ul>\n\n\n\n<ul class=\"wp-block-list\"><li><strong>2-<\/strong> We Determine the Appropriate Method<\/li><\/ul>\n<\/div>\n\n\n\n<div class=\"wp-block-column is-layout-flow wp-block-column-is-layout-flow\">\n<ul class=\"wp-block-list\"><li><strong>3-<\/strong> We pay attention to the environment<\/li><\/ul>\n\n\n\n<ul class=\"wp-block-list\"><li><strong>4-<\/strong> We carry out controlled demolition<\/li><\/ul>\n<\/div>\n<\/div>\n\n\n\n<hr class=\"wp-block-separator has-text-color has-vivid-cyan-blue-color has-css-opacity has-vivid-cyan-blue-background-color has-background\"\/>\n\n\n\n<p class=\"has-text-align-center\"><strong><mark style=\"background-color:rgba(0, 0, 0, 0)\" class=\"has-inline-color has-vivid-cyan-blue-color\"><a href=\"http:\/\/www.maviyikim.com.tr\" title=\"www.maviyikim.com.tr\">Professional Choice<\/a><\/mark><\/strong><a href=\"https:\/\/maviyikim.com.tr\/bina-yikim\/\"><\/a><\/p>\n","protected":false},"excerpt":{"rendered":"<p>Every stage of your project before and after demolition is done under the supervision of engineers.<\/p>\n","protected":false},"author":1,"featured_media":10233,"parent":0,"menu_order":0,"comment_status":"closed","ping_status":"closed","template":"","meta":{"footnotes":""},"class_list":["post-347","page","type-page","status-publish","has-post-thumbnail","hentry"],"aioseo_notices":[],"_links":{"self":[{"href":"https:\/\/www.maviyikim.com.tr\/en\/wp-json\/wp\/v2\/pages\/347","targetHints":{"allow":["GET"]}}],"collection":[{"href":"https:\/\/www.maviyikim.com.tr\/en\/wp-json\/wp\/v2\/pages"}],"about":[{"href":"https:\/\/www.maviyikim.com.tr\/en\/wp-json\/wp\/v2\/types\/page"}],"author":[{"embeddable":true,"href":"https:\/\/www.maviyikim.com.tr\/en\/wp-json\/wp\/v2\/users\/1"}],"replies":[{"embeddable":true,"href":"https:\/\/www.maviyikim.com.tr\/en\/wp-json\/wp\/v2\/comments?post=347"}],"version-history":[{"count":8,"href":"https:\/\/www.maviyikim.com.tr\/en\/wp-json\/wp\/v2\/pages\/347\/revisions"}],"predecessor-version":[{"id":11435,"href":"https:\/\/www.maviyikim.com.tr\/en\/wp-json\/wp\/v2\/pages\/347\/revisions\/11435"}],"wp:featuredmedia":[{"embeddable":true,"href":"https:\/\/www.maviyikim.com.tr\/en\/wp-json\/wp\/v2\/media\/10233"}],"wp:attachment":[{"href":"https:\/\/www.maviyikim.com.tr\/en\/wp-json\/wp\/v2\/media?parent=347"}],"curies":[{"name":"wp","href":"https:\/\/api.w.org\/{rel}","templated":true}]}}